{"id":2,"date":"2019-05-10T15:09:21","date_gmt":"2019-05-10T13:09:21","guid":{"rendered":"https:\/\/rusch.ch\/nachfolger\/?page_id=2"},"modified":"2024-01-28T13:54:36","modified_gmt":"2024-01-28T12:54:36","slug":"beispiel-seite","status":"publish","type":"page","link":"https:\/\/rusch.ch\/nachfolger\/","title":{"rendered":"nachfolger"},"content":{"rendered":"\t\t<div data-elementor-type=\"wp-post\" data-elementor-id=\"2\" class=\"elementor elementor-2\" data-elementor-post-type=\"page\">\n\t\t\t\t\t\t<section class=\"elementor-section elementor-top-section elementor-element elementor-element-1f79d92b elementor-section-boxed elementor-section-height-default elementor-section-height-default\" data-id=\"1f79d92b\" data-element_type=\"section\" data-settings=\"{&quot;background_background&quot;:&quot;classic&quot;}\">\n\t\t\t\t\t\t<div class=\"elementor-container elementor-column-gap-no\">\n\t\t\t\t\t<div class=\"elementor-column elementor-col-100 elementor-top-column elementor-element elementor-element-776e3374\" data-id=\"776e3374\" data-element_type=\"column\">\n\t\t\t<div class=\"elementor-widget-wrap elementor-element-populated\">\n\t\t\t\t\t\t<div data-dce-title-color=\"#f93131\" class=\"elementor-element elementor-element-e5146b2 elementor-widget elementor-widget-heading\" data-id=\"e5146b2\" data-element_type=\"widget\" data-widget_type=\"heading.default\">\n\t\t\t\t<div class=\"elementor-widget-container\">\n\t\t\t\t\t<h1 class=\"elementor-heading-title elementor-size-default\">Wer \u00fcbernimmt den Rusch Verlag?<\/h1>\t\t\t\t<\/div>\n\t\t\t\t<\/div>\n\t\t\t\t<div data-dce-title-color=\"#000000\" class=\"elementor-element elementor-element-6680897 elementor-widget elementor-widget-heading\" data-id=\"6680897\" data-element_type=\"widget\" data-widget_type=\"heading.default\">\n\t\t\t\t<div class=\"elementor-widget-container\">\n\t\t\t\t\t<h2 class=\"elementor-heading-title elementor-size-default\">Alex Rusch sucht dringend einen Nachfolger f\u00fcr den Rusch Verlag<\/h2>\t\t\t\t<\/div>\n\t\t\t\t<\/div>\n\t\t\t\t<div class=\"elementor-element elementor-element-5ca5d89 dce_masking-none elementor-widget elementor-widget-video\" data-id=\"5ca5d89\" data-element_type=\"widget\" data-settings=\"{&quot;video_type&quot;:&quot;vimeo&quot;}\" data-widget_type=\"video.default\">\n\t\t\t\t<div class=\"elementor-widget-container\">\n\t\t\t\t\t\t\t<div class=\"elementor-wrapper elementor-open-inline\">\n\t\t\t<iframe class=\"elementor-video-iframe\" allowfullscreen allow=\"clipboard-write\" title=\"vimeo Video Player\" src=\"https:\/\/player.vimeo.com\/video\/907075780?color&amp;autopause=0&amp;loop=0&amp;muted=0&amp;title=1&amp;portrait=1&amp;byline=1#t=\"><\/iframe>\t\t<\/div>\n\t\t\t\t\t\t<\/div>\n\t\t\t\t<\/div>\n\t\t\t\t<div data-dce-title-color=\"#000000\" class=\"elementor-element elementor-element-61bf0c7 elementor-widget elementor-widget-heading\" data-id=\"61bf0c7\" data-element_type=\"widget\" data-widget_type=\"heading.default\">\n\t\t\t\t<div class=\"elementor-widget-container\">\n\t\t\t\t\t<h2 class=\"elementor-heading-title elementor-size-default\">Wichtige Links<\/h2>\t\t\t\t<\/div>\n\t\t\t\t<\/div>\n\t\t\t\t<div data-dce-text-color=\"#000000\" class=\"elementor-element elementor-element-c33a12c elementor-icon-list--layout-traditional elementor-list-item-link-full_width elementor-widget elementor-widget-icon-list\" data-id=\"c33a12c\" data-element_type=\"widget\" data-widget_type=\"icon-list.default\">\n\t\t\t\t<div class=\"elementor-widget-container\">\n\t\t\t\t\t\t\t<ul class=\"elementor-icon-list-items\">\n\t\t\t\t\t\t\t<li class=\"elementor-icon-list-item\">\n\t\t\t\t\t\t\t\t\t\t<span class=\"elementor-icon-list-text\"><b>Formular f\u00fcr m\u00f6gliche Nachfolger: <\/b><br \/><a href=\"http:\/\/www.rusch.ch\/firmenkauf-interesse\" target=\"_blank\" rel=\"noopener\">www.rusch.ch\/firmenkauf-interesse<\/a><\/span>\n\t\t\t\t\t\t\t\t\t<\/li>\n\t\t\t\t\t\t\t\t<li class=\"elementor-icon-list-item\">\n\t\t\t\t\t\t\t\t\t\t<span class=\"elementor-icon-list-text\"><b>Der Shop des Rusch Verlages:<\/b><br \/><a href=\"https:\/\/www.ruschverlag.com\" target=\"_blank\" rel=\"noopener\">www.ruschverlag.com<\/a><br \/>(ebenfalls <a href=\"https:\/\/www.rusch.ch\">www.rusch.ch<\/a>, <a href=\"https:\/\/www.rusch.de\" target=\"_blank\" rel=\"noopener\">www.rusch.de<\/a> und <a href=\"https:\/\/www.rusch.at\" target=\"_blank\" rel=\"noopener\">www.rusch.at<\/a>)<\/span>\n\t\t\t\t\t\t\t\t\t<\/li>\n\t\t\t\t\t\t\t\t<li class=\"elementor-icon-list-item\">\n\t\t\t\t\t\t\t\t\t\t<span class=\"elementor-icon-list-text\"><b>Der Rusch-Katalog als PDF-Dokument:<\/b><br \/><a href=\"https:\/\/www.rusch.ch\/katalog\" target=\"_blank\" rel=\"noopener\">www.rusch.ch\/katalog<\/a><\/span>\n\t\t\t\t\t\t\t\t\t<\/li>\n\t\t\t\t\t\t\t\t<li class=\"elementor-icon-list-item\">\n\t\t\t\t\t\t\t\t\t\t<span class=\"elementor-icon-list-text\"><b>Eine \u00dcbersicht \u00fcber rund 100 wichtige Websites:<\/b><br \/><a href=\"https:\/\/www.rusch.ch\/angebote\" target=\"_blank\" rel=\"noopener\">www.rusch.ch\/angebote<\/a><\/span>\n\t\t\t\t\t\t\t\t\t<\/li>\n\t\t\t\t\t\t\t\t<li class=\"elementor-icon-list-item\">\n\t\t\t\t\t\t\t\t\t\t<span class=\"elementor-icon-list-text\"><b>Millionen-Bestseller-H\u00f6rproben-Audio:<\/b><br \/><a href=\"https:\/\/www.rusch.ch\/mio-bestseller-download\" target=\"_blank\" rel=\"noopener\">www.rusch.ch\/mio-bestseller-download<\/a><\/span>\n\t\t\t\t\t\t\t\t\t<\/li>\n\t\t\t\t\t\t\t\t<li class=\"elementor-icon-list-item\">\n\t\t\t\t\t\t\t\t\t\t<span class=\"elementor-icon-list-text\"><b>Die Firmengeschichte als Text und Video:<\/b><br \/><a href=\"https:\/\/www.rusch.ch\/firmengeschichte\" target=\"_blank\" rel=\"noopener\">www.rusch.ch\/firmengeschichte<\/a><\/span>\n\t\t\t\t\t\t\t\t\t<\/li>\n\t\t\t\t\t\t\t\t<li class=\"elementor-icon-list-item\">\n\t\t\t\t\t\t\t\t\t\t<span class=\"elementor-icon-list-text\"><b>Rusch-Podcast:<\/b><br \/><a href=\"https:\/\/www.rusch.ch\/podcast\" target=\"_blank\" rel=\"noopener\">www.rusch.ch\/podcast<\/a><\/span>\n\t\t\t\t\t\t\t\t\t<\/li>\n\t\t\t\t\t\t\t\t<li class=\"elementor-icon-list-item\">\n\t\t\t\t\t\t\t\t\t\t<span class=\"elementor-icon-list-text\"><b>Rusch-TV:<\/b><br \/><a href=\"https:\/\/www.rusch.tv\" target=\"_blank\" rel=\"noopener\">www.rusch.tv<\/a><\/span>\n\t\t\t\t\t\t\t\t\t<\/li>\n\t\t\t\t\t\t<\/ul>\n\t\t\t\t\t\t<\/div>\n\t\t\t\t<\/div>\n\t\t\t\t\t<\/div>\n\t\t<\/div>\n\t\t\t\t\t<\/div>\n\t\t<\/section>\n\t\t\t\t<section data-dce-background-color=\"#FAFAFA\" class=\"elementor-section elementor-top-section elementor-element elementor-element-272e1c6 elementor-section-boxed elementor-section-height-default elementor-section-height-default\" data-id=\"272e1c6\" data-element_type=\"section\" data-settings=\"{&quot;background_background&quot;:&quot;classic&quot;}\">\n\t\t\t\t\t\t<div class=\"elementor-container elementor-column-gap-no\">\n\t\t\t\t\t<div class=\"elementor-column elementor-col-100 elementor-top-column elementor-element elementor-element-b93175c\" data-id=\"b93175c\" data-element_type=\"column\">\n\t\t\t<div class=\"elementor-widget-wrap elementor-element-populated\">\n\t\t\t\t\t\t<div data-dce-title-color=\"#000000\" class=\"elementor-element elementor-element-1b09ca7 elementor-widget elementor-widget-heading\" data-id=\"1b09ca7\" data-element_type=\"widget\" data-widget_type=\"heading.default\">\n\t\t\t\t<div class=\"elementor-widget-container\">\n\t\t\t\t\t<h2 class=\"elementor-heading-title elementor-size-default\">Ein Interview aus dem Jahr 2012<\/h2>\t\t\t\t<\/div>\n\t\t\t\t<\/div>\n\t\t\t\t<div data-dce-text-color=\"#000000\" class=\"elementor-element elementor-element-051162c elementor-widget elementor-widget-text-editor\" data-id=\"051162c\" data-element_type=\"widget\" data-widget_type=\"text-editor.default\">\n\t\t\t\t<div class=\"elementor-widget-container\">\n\t\t\t\t\t\t\t\t\tBereits 2012 begann Alex Rusch mit seinen Bem\u00fchungen, einen Nachfolger f\u00fcr die zwei Verlage zu finden. Allerdings nicht mit der n\u00f6tigen Entschlossenheit. Das damalige Interview, in dem Alex Rusch von Thomas Frei befragt wurde, d\u00fcrfte dennoch sehr interessant sein, weil darin andere Fragen gestellt wurden als im Interview mit Mirko Ribul.\t\t\t\t\t\t\t\t<\/div>\n\t\t\t\t<\/div>\n\t\t\t\t<section class=\"elementor-section elementor-inner-section elementor-element elementor-element-19d81f2 elementor-section-boxed elementor-section-height-default elementor-section-height-default\" data-id=\"19d81f2\" data-element_type=\"section\">\n\t\t\t\t\t\t<div class=\"elementor-container elementor-column-gap-default\">\n\t\t\t\t\t<div class=\"elementor-column elementor-col-50 elementor-inner-column elementor-element elementor-element-7eaf9c8\" data-id=\"7eaf9c8\" data-element_type=\"column\">\n\t\t\t<div class=\"elementor-widget-wrap elementor-element-populated\">\n\t\t\t\t\t\t<div class=\"elementor-element elementor-element-323a9a7 dce_masking-none elementor-widget elementor-widget-image\" data-id=\"323a9a7\" data-element_type=\"widget\" data-widget_type=\"image.default\">\n\t\t\t\t<div class=\"elementor-widget-container\">\n\t\t\t\t\t\t\t\t\t\t\t\t\t\t\t<img fetchpriority=\"high\" decoding=\"async\" width=\"800\" height=\"450\" src=\"https:\/\/rusch.ch\/nachfolger\/wp-content\/uploads\/sites\/74\/2024\/01\/firmenverkauf-web2.png\" class=\"attachment-full size-full wp-image-54\" alt=\"\" srcset=\"https:\/\/rusch.ch\/nachfolger\/wp-content\/uploads\/sites\/74\/2024\/01\/firmenverkauf-web2.png 800w, https:\/\/rusch.ch\/nachfolger\/wp-content\/uploads\/sites\/74\/2024\/01\/firmenverkauf-web2-300x169.png 300w, https:\/\/rusch.ch\/nachfolger\/wp-content\/uploads\/sites\/74\/2024\/01\/firmenverkauf-web2-768x432.png 768w\" sizes=\"(max-width: 800px) 100vw, 800px\" \/>\t\t\t\t\t\t\t\t\t\t\t\t\t\t\t<\/div>\n\t\t\t\t<\/div>\n\t\t\t\t\t<\/div>\n\t\t<\/div>\n\t\t\t\t<div class=\"elementor-column elementor-col-50 elementor-inner-column elementor-element elementor-element-c1b83e6\" data-id=\"c1b83e6\" data-element_type=\"column\">\n\t\t\t<div class=\"elementor-widget-wrap elementor-element-populated\">\n\t\t\t\t\t\t<div data-dce-title-color=\"#000000\" class=\"elementor-element elementor-element-72101b4 elementor-widget elementor-widget-heading\" data-id=\"72101b4\" data-element_type=\"widget\" data-widget_type=\"heading.default\">\n\t\t\t\t<div class=\"elementor-widget-container\">\n\t\t\t\t\t<h3 class=\"elementor-heading-title elementor-size-default\">Die Interview-CD <strong>\u00bbWill Alex S. Rusch wirklich zwei seiner f\u00fcnf Firmen verkaufen?\u00ab<\/strong> als MP3-Download (aufgezeichnet vor ein paar Jahren)<\/h3>\t\t\t\t<\/div>\n\t\t\t\t<\/div>\n\t\t\t\t<div data-dce-background-color=\"#DD3333\" class=\"elementor-element elementor-element-d82970d elementor-widget elementor-widget-button\" data-id=\"d82970d\" data-element_type=\"widget\" data-widget_type=\"button.default\">\n\t\t\t\t<div class=\"elementor-widget-container\">\n\t\t\t\t\t\t\t\t\t<div class=\"elementor-button-wrapper\">\n\t\t\t\t\t<a class=\"elementor-button elementor-button-link elementor-size-sm\" href=\"https:\/\/alexruschinstitut.com\/wp-content\/uploads\/2024\/01\/firmenverkauf.mp3\" target=\"_blank\">\n\t\t\t\t\t\t<span class=\"elementor-button-content-wrapper\">\n\t\t\t\t\t\t\t\t\t<span class=\"elementor-button-text\">MP3-Download<\/span>\n\t\t\t\t\t<\/span>\n\t\t\t\t\t<\/a>\n\t\t\t\t<\/div>\n\t\t\t\t\t\t\t\t<\/div>\n\t\t\t\t<\/div>\n\t\t\t\t\t<\/div>\n\t\t<\/div>\n\t\t\t\t\t<\/div>\n\t\t<\/section>\n\t\t\t\t<section class=\"elementor-section elementor-inner-section elementor-element elementor-element-736613a elementor-section-boxed elementor-section-height-default elementor-section-height-default\" data-id=\"736613a\" data-element_type=\"section\">\n\t\t\t\t\t\t<div class=\"elementor-container elementor-column-gap-default\">\n\t\t\t\t\t<div class=\"elementor-column elementor-col-50 elementor-inner-column elementor-element elementor-element-e52034c\" data-id=\"e52034c\" data-element_type=\"column\">\n\t\t\t<div class=\"elementor-widget-wrap elementor-element-populated\">\n\t\t\t\t\t\t<div class=\"elementor-element elementor-element-7bdd65d dce_masking-none elementor-widget elementor-widget-image\" data-id=\"7bdd65d\" data-element_type=\"widget\" data-widget_type=\"image.default\">\n\t\t\t\t<div class=\"elementor-widget-container\">\n\t\t\t\t\t\t\t\t\t\t\t\t\t\t\t<img decoding=\"async\" width=\"138\" height=\"133\" src=\"https:\/\/rusch.ch\/nachfolger\/wp-content\/uploads\/sites\/74\/2024\/01\/small-firmenverkauf.jpg\" class=\"attachment-full size-full wp-image-33\" alt=\"\" \/>\t\t\t\t\t\t\t\t\t\t\t\t\t\t\t<\/div>\n\t\t\t\t<\/div>\n\t\t\t\t\t<\/div>\n\t\t<\/div>\n\t\t\t\t<div class=\"elementor-column elementor-col-50 elementor-inner-column elementor-element elementor-element-afd4226\" data-id=\"afd4226\" data-element_type=\"column\">\n\t\t\t<div class=\"elementor-widget-wrap elementor-element-populated\">\n\t\t\t\t\t\t<div data-dce-title-color=\"#000000\" class=\"elementor-element elementor-element-0bf07e8 elementor-widget elementor-widget-heading\" data-id=\"0bf07e8\" data-element_type=\"widget\" data-widget_type=\"heading.default\">\n\t\t\t\t<div class=\"elementor-widget-container\">\n\t\t\t\t\t<h3 class=\"elementor-heading-title elementor-size-default\">Das Audio <strong>\u00bbWill Alex S. Rusch wirklich zwei seiner f\u00fcnf Firmen verkaufen?\u00ab<\/strong> direkt hier auf der Website anh\u00f6ren:<\/h3>\t\t\t\t<\/div>\n\t\t\t\t<\/div>\n\t\t\t\t<div class=\"elementor-element elementor-element-c611c66 elementor-widget elementor-widget-html\" data-id=\"c611c66\" data-element_type=\"widget\" data-widget_type=\"html.default\">\n\t\t\t\t<div class=\"elementor-widget-container\">\n\t\t\t\t\t<audio controls style=\"width: 100%\">\n<source src=\"https:\/\/alexruschinstitut.com\/wp-content\/uploads\/2024\/01\/firmenverkauf.mp3\" type=\"audio\/mpeg\">\n<\/audio>\t\t\t\t<\/div>\n\t\t\t\t<\/div>\n\t\t\t\t\t<\/div>\n\t\t<\/div>\n\t\t\t\t\t<\/div>\n\t\t<\/section>\n\t\t\t\t<div data-dce-title-color=\"#000000\" class=\"elementor-element elementor-element-adccc6d elementor-widget elementor-widget-heading\" data-id=\"adccc6d\" data-element_type=\"widget\" data-widget_type=\"heading.default\">\n\t\t\t\t<div class=\"elementor-widget-container\">\n\t\t\t\t\t<h3 class=\"elementor-heading-title elementor-size-default\">Ein Zeitschriften-Artikel zum geplanten Firmenverkauf<\/h3>\t\t\t\t<\/div>\n\t\t\t\t<\/div>\n\t\t\t\t<section class=\"elementor-section elementor-inner-section elementor-element elementor-element-97b964b elementor-section-boxed elementor-section-height-default elementor-section-height-default\" data-id=\"97b964b\" data-element_type=\"section\">\n\t\t\t\t\t\t<div class=\"elementor-container elementor-column-gap-default\">\n\t\t\t\t\t<div class=\"elementor-column elementor-col-50 elementor-inner-column elementor-element elementor-element-592df0c\" data-id=\"592df0c\" data-element_type=\"column\">\n\t\t\t<div class=\"elementor-widget-wrap elementor-element-populated\">\n\t\t\t\t\t\t<div class=\"elementor-element elementor-element-1f554da dce_masking-none elementor-widget elementor-widget-image\" data-id=\"1f554da\" data-element_type=\"widget\" data-widget_type=\"image.default\">\n\t\t\t\t<div class=\"elementor-widget-container\">\n\t\t\t\t\t\t\t\t\t\t\t\t\t\t\t<img decoding=\"async\" width=\"769\" height=\"1087\" src=\"https:\/\/rusch.ch\/nachfolger\/wp-content\/uploads\/sites\/74\/2024\/01\/Titelgeschichte.jpg\" class=\"attachment-full size-full wp-image-32\" alt=\"\" srcset=\"https:\/\/rusch.ch\/nachfolger\/wp-content\/uploads\/sites\/74\/2024\/01\/Titelgeschichte.jpg 769w, https:\/\/rusch.ch\/nachfolger\/wp-content\/uploads\/sites\/74\/2024\/01\/Titelgeschichte-212x300.jpg 212w, https:\/\/rusch.ch\/nachfolger\/wp-content\/uploads\/sites\/74\/2024\/01\/Titelgeschichte-724x1024.jpg 724w\" sizes=\"(max-width: 769px) 100vw, 769px\" \/>\t\t\t\t\t\t\t\t\t\t\t\t\t\t\t<\/div>\n\t\t\t\t<\/div>\n\t\t\t\t\t<\/div>\n\t\t<\/div>\n\t\t\t\t<div class=\"elementor-column elementor-col-50 elementor-inner-column elementor-element elementor-element-853aaf8\" data-id=\"853aaf8\" data-element_type=\"column\">\n\t\t\t<div class=\"elementor-widget-wrap elementor-element-populated\">\n\t\t\t\t\t\t<div data-dce-title-color=\"#000000\" class=\"elementor-element elementor-element-2471797 elementor-widget elementor-widget-heading\" data-id=\"2471797\" data-element_type=\"widget\" data-widget_type=\"heading.default\">\n\t\t\t\t<div class=\"elementor-widget-container\">\n\t\t\t\t\t<h3 class=\"elementor-heading-title elementor-size-default\">Die 3-seitige Titelgeschichte der Ausgabe 02-2012 der Zeitschrift <strong>\u00bbNoch erfolgreicher!\u00ab<\/strong> als PDF-Dokument<\/h3>\t\t\t\t<\/div>\n\t\t\t\t<\/div>\n\t\t\t\t<div data-dce-background-color=\"#DD3333\" class=\"elementor-element elementor-element-1bd1db7 elementor-widget elementor-widget-button\" data-id=\"1bd1db7\" data-element_type=\"widget\" data-widget_type=\"button.default\">\n\t\t\t\t<div class=\"elementor-widget-container\">\n\t\t\t\t\t\t\t\t\t<div class=\"elementor-button-wrapper\">\n\t\t\t\t\t<a class=\"elementor-button elementor-button-link elementor-size-sm\" href=\"http:\/\/rusch.ch\/nachfolger\/wp-content\/uploads\/sites\/74\/2024\/01\/Titelgeschichte.pdf\" target=\"_blank\">\n\t\t\t\t\t\t<span class=\"elementor-button-content-wrapper\">\n\t\t\t\t\t\t\t\t\t<span class=\"elementor-button-text\">PDF-Download<\/span>\n\t\t\t\t\t<\/span>\n\t\t\t\t\t<\/a>\n\t\t\t\t<\/div>\n\t\t\t\t\t\t\t\t<\/div>\n\t\t\t\t<\/div>\n\t\t\t\t\t<\/div>\n\t\t<\/div>\n\t\t\t\t\t<\/div>\n\t\t<\/section>\n\t\t\t\t\t<\/div>\n\t\t<\/div>\n\t\t\t\t\t<\/div>\n\t\t<\/section>\n\t\t\t\t<\/div>\n\t\t","protected":false},"excerpt":{"rendered":"<p>Wer \u00fcbernimmt den Rusch Verlag? Alex Rusch sucht dringend einen Nachfolger f\u00fcr den Rusch Verlag Wichtige Links Formular f\u00fcr m\u00f6gliche Nachfolger: www.rusch.ch\/firmenkauf-interesse Der Shop des Rusch Verlages:www.ruschverlag.com(ebenfalls www.rusch.ch, www.rusch.de und www.rusch.at) Der Rusch-Katalog als PDF-Dokument:www.rusch.ch\/katalog Eine \u00dcbersicht \u00fcber rund 100 wichtige Websites:www.rusch.ch\/angebote Millionen-Bestseller-H\u00f6rproben-Audio:www.rusch.ch\/mio-bestseller-download Die Firmengeschichte als Text und Video:www.rusch.ch\/firmengeschichte Rusch-Podcast:www.rusch.ch\/podcast Rusch-TV:www.rusch.tv Ein Interview aus dem [&hellip;]<\/p>\n","protected":false},"author":1,"featured_media":0,"parent":0,"menu_order":0,"comment_status":"closed","ping_status":"open","template":"elementor_header_footer","meta":{"_acf_changed":false,"footnotes":""},"class_list":["post-2","page","type-page","status-publish","hentry"],"acf":[],"_links":{"self":[{"href":"https:\/\/rusch.ch\/nachfolger\/wp-json\/wp\/v2\/pages\/2","targetHints":{"allow":["GET"]}}],"collection":[{"href":"https:\/\/rusch.ch\/nachfolger\/wp-json\/wp\/v2\/pages"}],"about":[{"href":"https:\/\/rusch.ch\/nachfolger\/wp-json\/wp\/v2\/types\/page"}],"author":[{"embeddable":true,"href":"https:\/\/rusch.ch\/nachfolger\/wp-json\/wp\/v2\/users\/1"}],"replies":[{"embeddable":true,"href":"https:\/\/rusch.ch\/nachfolger\/wp-json\/wp\/v2\/comments?post=2"}],"version-history":[{"count":33,"href":"https:\/\/rusch.ch\/nachfolger\/wp-json\/wp\/v2\/pages\/2\/revisions"}],"predecessor-version":[{"id":64,"href":"https:\/\/rusch.ch\/nachfolger\/wp-json\/wp\/v2\/pages\/2\/revisions\/64"}],"wp:attachment":[{"href":"https:\/\/rusch.ch\/nachfolger\/wp-json\/wp\/v2\/media?parent=2"}],"curies":[{"name":"wp","href":"https:\/\/api.w.org\/{rel}","templated":true}]}}