{"id":1215,"date":"2021-01-13T12:04:01","date_gmt":"2021-01-13T11:04:01","guid":{"rendered":"https:\/\/rusch.ch\/podcasts\/?page_id=1215"},"modified":"2023-08-08T17:17:23","modified_gmt":"2023-08-08T15:17:23","slug":"was-seither-lief","status":"publish","type":"page","link":"https:\/\/rusch.ch\/podcasts\/was-seither-lief\/","title":{"rendered":"Was seither lief"},"content":{"rendered":"<div class=\"powerpress_player\" id=\"powerpress_player_3382\"><audio class=\"wp-audio-shortcode\" id=\"audio-1215-2\" preload=\"none\" style=\"width: 100%;\" controls=\"controls\"><source type=\"audio\/mpeg\" src=\"https:\/\/media.blubrry.com\/zieleshow\/www.rusch.ch\/podcast\/Was_seither_lief\/Was_seither_lief.mp3?_=2\" \/><a href=\"https:\/\/media.blubrry.com\/zieleshow\/www.rusch.ch\/podcast\/Was_seither_lief\/Was_seither_lief.mp3\">https:\/\/media.blubrry.com\/zieleshow\/www.rusch.ch\/podcast\/Was_seither_lief\/Was_seither_lief.mp3<\/a><\/audio><\/div><p class=\"powerpress_links powerpress_links_mp3\" style=\"margin-bottom: 1px !important;\">Podcast: <a href=\"https:\/\/media.blubrry.com\/zieleshow\/www.rusch.ch\/podcast\/Was_seither_lief\/Was_seither_lief.mp3\" class=\"powerpress_link_pinw\" target=\"_blank\" title=\"Play in new window\" onclick=\"return powerpress_pinw('https:\/\/rusch.ch\/podcasts\/?powerpress_pinw=1215-podcast');\" rel=\"nofollow\">Play in new window<\/a> | <a href=\"https:\/\/media.blubrry.com\/zieleshow\/www.rusch.ch\/podcast\/Was_seither_lief\/Was_seither_lief.mp3\" class=\"powerpress_link_d\" title=\"Download\" rel=\"nofollow\" download=\"Was_seither_lief.mp3\">Download<\/a> (Duration: 15:18 &#8212; 28.0MB)<\/p>\t\t<div data-elementor-type=\"wp-post\" data-elementor-id=\"1215\" class=\"elementor elementor-1215\" data-elementor-post-type=\"page\">\n\t\t\t\t\t\t<section class=\"elementor-section elementor-top-section elementor-element elementor-element-8d08ca1 elementor-section-boxed elementor-section-height-default elementor-section-height-default\" data-id=\"8d08ca1\" data-element_type=\"section\">\n\t\t\t\t\t\t<div class=\"elementor-container elementor-column-gap-default\">\n\t\t\t\t\t<div data-dce-background-image-url=\"https:\/\/rusch.ch\/podcasts\/wp-content\/uploads\/sites\/43\/2017\/09\/header_blank_podcast.jpg\" class=\"elementor-column elementor-col-100 elementor-top-column elementor-element elementor-element-2eed241\" data-id=\"2eed241\" data-element_type=\"column\" data-settings=\"{&quot;background_background&quot;:&quot;classic&quot;}\">\n\t\t\t<div class=\"elementor-widget-wrap elementor-element-populated\">\n\t\t\t\t\t\t<div data-dce-title-color=\"#FFFFFF\" class=\"elementor-element elementor-element-659f478 elementor-widget elementor-widget-heading\" data-id=\"659f478\" data-element_type=\"widget\" data-widget_type=\"heading.default\">\n\t\t\t\t<div class=\"elementor-widget-container\">\n\t\t\t\t\t<h2 class=\"elementor-heading-title elementor-size-default\">Was seither lief<\/h2>\t\t\t\t<\/div>\n\t\t\t\t<\/div>\n\t\t\t\t\t<\/div>\n\t\t<\/div>\n\t\t\t\t\t<\/div>\n\t\t<\/section>\n\t\t\t\t<section class=\"elementor-section elementor-top-section elementor-element elementor-element-4b1cc34 elementor-section-content-middle elementor-section-boxed elementor-section-height-default elementor-section-height-default\" data-id=\"4b1cc34\" data-element_type=\"section\">\n\t\t\t\t\t\t<div class=\"elementor-container elementor-column-gap-no\">\n\t\t\t\t\t<div data-dce-background-color=\"#633564\" class=\"elementor-column elementor-col-50 elementor-top-column elementor-element elementor-element-66e6e14\" data-id=\"66e6e14\" data-element_type=\"column\" data-settings=\"{&quot;background_background&quot;:&quot;classic&quot;}\">\n\t\t\t<div class=\"elementor-widget-wrap elementor-element-populated\">\n\t\t\t\t\t\t<div class=\"elementor-element elementor-element-d92261e dce_masking-none elementor-widget elementor-widget-image\" data-id=\"d92261e\" data-element_type=\"widget\" data-widget_type=\"image.default\">\n\t\t\t\t<div class=\"elementor-widget-container\">\n\t\t\t\t\t\t\t\t\t\t\t\t\t\t\t\t<a href=\"https:\/\/itunes.apple.com\/de\/podcast\/rusch-podcast\/id280852258?mt=2\" target=\"_blank\">\n\t\t\t\t\t\t\t<img decoding=\"async\" src=\"http:\/\/www.rusch.ch\/podcasts\/wp-content\/uploads\/sites\/43\/2017\/09\/iTunes_banner.jpg\" title=\"\" alt=\"\" loading=\"lazy\" \/>\t\t\t\t\t\t\t\t<\/a>\n\t\t\t\t\t\t\t\t\t\t\t\t\t\t\t<\/div>\n\t\t\t\t<\/div>\n\t\t\t\t\t<\/div>\n\t\t<\/div>\n\t\t\t\t<div data-dce-background-color=\"#633564\" class=\"elementor-column elementor-col-50 elementor-top-column elementor-element elementor-element-5dbf69c\" data-id=\"5dbf69c\" data-element_type=\"column\" data-settings=\"{&quot;background_background&quot;:&quot;classic&quot;}\">\n\t\t\t<div class=\"elementor-widget-wrap elementor-element-populated\">\n\t\t\t\t\t\t<div data-dce-background-color=\"#ffffff\" class=\"elementor-element elementor-element-08665a1 elementor-align-center elementor-widget elementor-widget-button\" data-id=\"08665a1\" data-element_type=\"widget\" data-widget_type=\"button.default\">\n\t\t\t\t<div class=\"elementor-widget-container\">\n\t\t\t\t\t\t\t\t\t<div class=\"elementor-button-wrapper\">\n\t\t\t\t\t<a class=\"elementor-button elementor-button-link elementor-size-md\" href=\"http:\/\/www.rusch.ch\/podcasts\/\">\n\t\t\t\t\t\t<span class=\"elementor-button-content-wrapper\">\n\t\t\t\t\t\t\t\t\t<span class=\"elementor-button-text\">Zur\u00fcck zur \u00dcbersicht<\/span>\n\t\t\t\t\t<\/span>\n\t\t\t\t\t<\/a>\n\t\t\t\t<\/div>\n\t\t\t\t\t\t\t\t<\/div>\n\t\t\t\t<\/div>\n\t\t\t\t\t<\/div>\n\t\t<\/div>\n\t\t\t\t\t<\/div>\n\t\t<\/section>\n\t\t\t\t<section class=\"elementor-section elementor-top-section elementor-element elementor-element-cf5733e elementor-section-boxed elementor-section-height-default elementor-section-height-default\" data-id=\"cf5733e\" data-element_type=\"section\" data-settings=\"{&quot;background_background&quot;:&quot;classic&quot;}\">\n\t\t\t\t\t\t<div class=\"elementor-container elementor-column-gap-default\">\n\t\t\t\t\t<div data-dce-background-color=\"#F1E6F1\" class=\"elementor-column elementor-col-100 elementor-top-column elementor-element elementor-element-312bc39\" data-id=\"312bc39\" data-element_type=\"column\" data-settings=\"{&quot;background_background&quot;:&quot;classic&quot;}\">\n\t\t\t<div class=\"elementor-widget-wrap elementor-element-populated\">\n\t\t\t\t\t\t<div class=\"elementor-element elementor-element-63685d3 elementor-widget elementor-widget-shortcode\" data-id=\"63685d3\" data-element_type=\"widget\" data-widget_type=\"shortcode.default\">\n\t\t\t\t<div class=\"elementor-widget-container\">\n\t\t\t\t\t\t\t<div class=\"elementor-shortcode\"><div class=\"powerpress_player\" id=\"powerpress_player_3381\"><!--[if lt IE 9]><script>document.createElement('audio');<\/script><![endif]-->\n<audio class=\"wp-audio-shortcode\" id=\"audio-1215-1\" preload=\"none\" style=\"width: 100%;\" controls=\"controls\"><source type=\"audio\/mpeg\" src=\"https:\/\/media.blubrry.com\/zieleshow\/www.rusch.ch\/podcast\/Was_seither_lief\/Was_seither_lief.mp3?_=1\" \/><a href=\"https:\/\/media.blubrry.com\/zieleshow\/www.rusch.ch\/podcast\/Was_seither_lief\/Was_seither_lief.mp3\">https:\/\/media.blubrry.com\/zieleshow\/www.rusch.ch\/podcast\/Was_seither_lief\/Was_seither_lief.mp3<\/a><\/audio><\/div><p class=\"powerpress_links powerpress_links_mp3\" style=\"margin-bottom: 1px !important;\">Podcast: <a href=\"https:\/\/media.blubrry.com\/zieleshow\/www.rusch.ch\/podcast\/Was_seither_lief\/Was_seither_lief.mp3\" class=\"powerpress_link_pinw\" target=\"_blank\" title=\"Play in new window\" onclick=\"return powerpress_pinw('https:\/\/rusch.ch\/podcasts\/?powerpress_pinw=1215-podcast');\" rel=\"nofollow\">Play in new window<\/a> | <a href=\"https:\/\/media.blubrry.com\/zieleshow\/www.rusch.ch\/podcast\/Was_seither_lief\/Was_seither_lief.mp3\" class=\"powerpress_link_d\" title=\"Download\" rel=\"nofollow\" download=\"Was_seither_lief.mp3\">Download<\/a> (Duration: 15:18 &#8212; 28.0MB)<\/p><\/div>\n\t\t\t\t\t\t<\/div>\n\t\t\t\t<\/div>\n\t\t\t\t\t<\/div>\n\t\t<\/div>\n\t\t\t\t\t<\/div>\n\t\t<\/section>\n\t\t\t\t<section class=\"elementor-section elementor-top-section elementor-element elementor-element-21fbdaf elementor-section-boxed elementor-section-height-default elementor-section-height-default\" data-id=\"21fbdaf\" data-element_type=\"section\" data-settings=\"{&quot;background_background&quot;:&quot;classic&quot;}\">\n\t\t\t\t\t\t<div class=\"elementor-container elementor-column-gap-no\">\n\t\t\t\t\t<div data-dce-background-color=\"#F1E6F1\" class=\"elementor-column elementor-col-100 elementor-top-column elementor-element elementor-element-f684dbd\" data-id=\"f684dbd\" data-element_type=\"column\" data-settings=\"{&quot;background_background&quot;:&quot;classic&quot;}\">\n\t\t\t<div class=\"elementor-widget-wrap elementor-element-populated\">\n\t\t\t\t\t\t<div data-dce-title-color=\"#FF0202\" class=\"elementor-element elementor-element-d70b3c0 elementor-widget elementor-widget-heading\" data-id=\"d70b3c0\" data-element_type=\"widget\" data-widget_type=\"heading.default\">\n\t\t\t\t<div class=\"elementor-widget-container\">\n\t\t\t\t\t<h3 class=\"elementor-heading-title elementor-size-default\">In dieser Folge spricht Alex S. Rusch dar\u00fcber, was bisher lief und stellt alle bisher ver\u00f6ffentlichten Folgen der neuen Podcastreihe \u00abMehr ist m\u00f6glich!\u00bb vor.<\/h3>\t\t\t\t<\/div>\n\t\t\t\t<\/div>\n\t\t\t\t<div data-dce-title-color=\"#000000\" class=\"elementor-element elementor-element-239cf20 elementor-widget elementor-widget-heading\" data-id=\"239cf20\" data-element_type=\"widget\" data-widget_type=\"heading.default\">\n\t\t\t\t<div class=\"elementor-widget-container\">\n\t\t\t\t\t<h4 class=\"elementor-heading-title elementor-size-default\">Erw\u00e4hnte Websites:<\/h4>\t\t\t\t<\/div>\n\t\t\t\t<\/div>\n\t\t\t\t<div data-dce-text-color=\"#000000\" class=\"elementor-element elementor-element-cca8a87 elementor-widget elementor-widget-text-editor\" data-id=\"cca8a87\" data-element_type=\"widget\" data-widget_type=\"text-editor.default\">\n\t\t\t\t<div class=\"elementor-widget-container\">\n\t\t\t\t\t\t\t\t\tDer \u00abMehr ist m\u00f6glich!\u00bb -Podcast: <a href=\"https:\/\/www.mim-podcast.com\" target=\"_blank\" rel=\"noopener\">www.mim-podcast.com<\/a>\t\t\t\t\t\t\t\t<\/div>\n\t\t\t\t<\/div>\n\t\t\t\t<div data-dce-title-color=\"#FF0202\" class=\"elementor-element elementor-element-a0b8d69 elementor-widget elementor-widget-heading\" data-id=\"a0b8d69\" data-element_type=\"widget\" data-widget_type=\"heading.default\">\n\t\t\t\t<div class=\"elementor-widget-container\">\n\t\t\t\t\t<h3 class=\"elementor-heading-title elementor-size-default\">Bitte den \u00bbRusch Podcast\u00ab weiterempfehlen!<\/h3>\t\t\t\t<\/div>\n\t\t\t\t<\/div>\n\t\t\t\t<div class=\"elementor-element elementor-element-351cc6b elementor-widget elementor-widget-text-editor\" data-id=\"351cc6b\" data-element_type=\"widget\" data-widget_type=\"text-editor.default\">\n\t\t\t\t<div class=\"elementor-widget-container\">\n\t\t\t\t\t\t\t\t\t<p>Gef\u00e4llt Ihnen der \u00bbRusch Podcast\u00ab? Konnten Sie ihm wertvolle Impulse, Informationen und Lernelemente entnehmen? Wenn ja, w\u00fcrden wir uns sehr freuen, wenn Sie ihn weiterempfehlen m\u00f6chten. Ganz sicher werden sich Ihre Bekannten \u00fcber Ihre Empfehlung freuen!<\/p><p><em><span class=\"gelb-bg\">Es dauert f\u00fcr Sie nur eine halbe Minute, denn wir haben f\u00fcr Sie ein ganz einfaches Formular vorbereitet. Besten Dank im Voraus!<\/span><\/em><\/p>\t\t\t\t\t\t\t\t<\/div>\n\t\t\t\t<\/div>\n\t\t\t\t<div class=\"elementor-element elementor-element-55600b8 elementor-widget elementor-widget-shortcode\" data-id=\"55600b8\" data-element_type=\"widget\" data-widget_type=\"shortcode.default\">\n\t\t\t\t<div class=\"elementor-widget-container\">\n\t\t\t\t\t\t\t<div class=\"elementor-shortcode\">\n<div class=\"wpcf7 no-js\" id=\"wpcf7-f72-o1\" lang=\"de-DE\" dir=\"ltr\" data-wpcf7-id=\"72\">\n<div class=\"screen-reader-response\"><p role=\"status\" aria-live=\"polite\" aria-atomic=\"true\"><\/p> <ul><\/ul><\/div>\n<form action=\"\/podcasts\/wp-json\/wp\/v2\/pages\/1215#wpcf7-f72-o1\" method=\"post\" class=\"wpcf7-form init\" aria-label=\"Kontaktformular\" novalidate=\"novalidate\" data-status=\"init\">\n<fieldset class=\"hidden-fields-container\"><input type=\"hidden\" name=\"_wpcf7\" value=\"72\" \/><input type=\"hidden\" name=\"_wpcf7_version\" value=\"6.1.3\" \/><input type=\"hidden\" name=\"_wpcf7_locale\" value=\"de_DE\" \/><input type=\"hidden\" name=\"_wpcf7_unit_tag\" value=\"wpcf7-f72-o1\" \/><input type=\"hidden\" name=\"_wpcf7_container_post\" value=\"0\" \/><input type=\"hidden\" name=\"_wpcf7_posted_data_hash\" value=\"\" \/>\n<\/fieldset>\n<table width=\"100%\" style=\"border:3px dashed #fc0101; padding: 35px;\">\n\t<tr>\n\t\t<td style=\"padding:15px\">\n\t\t\t<p style=\"font-size:130%; color: #663366; font-weight:bold;\">Ihre Angaben\n\t\t\t<\/p>\n\t\t<\/td>\n\t<\/tr>\n\t<tr>\n\t\t<td style=\"padding-left:15px; padding-bottom: 10px;\">\n\t\t\t<p><label>Ihr Vorname und Name:<br \/>\n<span class=\"wpcf7-form-control-wrap\" data-name=\"name1\"><input size=\"40\" maxlength=\"400\" class=\"wpcf7-form-control wpcf7-text wpcf7-validates-as-required\" aria-required=\"true\" aria-invalid=\"false\" value=\"\" type=\"text\" name=\"name1\" \/><\/span> <\/label>\n\t\t\t<\/p>\n\t\t<\/td>\n\t<\/tr>\n\t<tr>\n\t\t<td style=\"padding-left:15px; padding-bottom: 30px;\">\n\t\t\t<p><label> Ihre E-Mail-Adresse:<br \/>\n<span class=\"wpcf7-form-control-wrap\" data-name=\"email1\"><input size=\"40\" maxlength=\"400\" class=\"wpcf7-form-control wpcf7-email wpcf7-validates-as-required wpcf7-text wpcf7-validates-as-email\" aria-required=\"true\" aria-invalid=\"false\" value=\"\" type=\"email\" name=\"email1\" \/><\/span> <\/label>\n\t\t\t<\/p>\n\t\t<\/td>\n\t<\/tr>\n\t<tr>\n\t\t<td style=\"padding:15px\">\n\t\t\t<p style=\"font-size:130%; color: #663366; font-weight:bold;\">Angaben zu Ihrer\/Ihrem Bekannte\/n\n\t\t\t<\/p>\n\t\t<\/td>\n\t<\/tr>\n\t<tr>\n\t\t<td style=\"padding-left:15px; padding-bottom: 10px;\">\n\t\t\t<p><label>Vorname und Name:<br \/>\n<span class=\"wpcf7-form-control-wrap\" data-name=\"name2\"><input size=\"40\" maxlength=\"400\" class=\"wpcf7-form-control wpcf7-text wpcf7-validates-as-required\" aria-required=\"true\" aria-invalid=\"false\" value=\"\" type=\"text\" name=\"name2\" \/><\/span> <\/label>\n\t\t\t<\/p>\n\t\t<\/td>\n\t<\/tr>\n\t<tr>\n\t\t<td style=\"padding-left:15px\" padding-bottom: 10px;>\n\t\t\t<p><label> E-Mail-Adresse:<br \/>\n<span class=\"wpcf7-form-control-wrap\" data-name=\"email2\"><input size=\"40\" maxlength=\"400\" class=\"wpcf7-form-control wpcf7-email wpcf7-validates-as-required wpcf7-text wpcf7-validates-as-email\" aria-required=\"true\" aria-invalid=\"false\" value=\"\" type=\"email\" name=\"email2\" \/><\/span> <\/label>\n\t\t\t<\/p>\n\t\t<\/td>\n\t<\/tr>\n\t<tr>\n\t\t<td style=\"padding:15px\">\n\t\t\t<p><input class=\"wpcf7-form-control wpcf7-submit has-spinner\" type=\"submit\" value=\"Senden\" \/>\n\t\t\t<\/p>\n\t\t<\/td>\n\t<\/tr>\n<\/table><div class=\"wpcf7-response-output\" aria-hidden=\"true\"><\/div>\n<\/form>\n<\/div>\n<\/div>\n\t\t\t\t\t\t<\/div>\n\t\t\t\t<\/div>\n\t\t\t\t\t<\/div>\n\t\t<\/div>\n\t\t\t\t\t<\/div>\n\t\t<\/section>\n\t\t\t\t<\/div>\n\t\t","protected":false},"excerpt":{"rendered":"<p>Zur\u00fcck zur \u00dcbersicht In dieser Folge spricht Alex S. Rusch dar\u00fcber, was bisher lief und stellt alle bisher ver\u00f6ffentlichten Folgen der neuen Podcastreihe \u00abMehr ist m\u00f6glich!\u00bb vor. Erw\u00e4hnte Websites: Der \u00abMehr ist m\u00f6glich!\u00bb -Podcast: www.mim-podcast.com Bitte den \u00bbRusch Podcast\u00ab weiterempfehlen! Gef\u00e4llt Ihnen der \u00bbRusch Podcast\u00ab? Konnten Sie ihm wertvolle Impulse, Informationen und Lernelemente entnehmen? Wenn [&hellip;]<\/p>\n","protected":false},"author":22,"featured_media":0,"parent":0,"menu_order":0,"comment_status":"closed","ping_status":"closed","template":"elementor_header_footer","meta":{"_acf_changed":false,"footnotes":""},"class_list":["post-1215","page","type-page","status-publish","hentry"],"acf":[],"_links":{"self":[{"href":"https:\/\/rusch.ch\/podcasts\/wp-json\/wp\/v2\/pages\/1215","targetHints":{"allow":["GET"]}}],"collection":[{"href":"https:\/\/rusch.ch\/podcasts\/wp-json\/wp\/v2\/pages"}],"about":[{"href":"https:\/\/rusch.ch\/podcasts\/wp-json\/wp\/v2\/types\/page"}],"author":[{"embeddable":true,"href":"https:\/\/rusch.ch\/podcasts\/wp-json\/wp\/v2\/users\/22"}],"replies":[{"embeddable":true,"href":"https:\/\/rusch.ch\/podcasts\/wp-json\/wp\/v2\/comments?post=1215"}],"version-history":[{"count":6,"href":"https:\/\/rusch.ch\/podcasts\/wp-json\/wp\/v2\/pages\/1215\/revisions"}],"predecessor-version":[{"id":1359,"href":"https:\/\/rusch.ch\/podcasts\/wp-json\/wp\/v2\/pages\/1215\/revisions\/1359"}],"wp:attachment":[{"href":"https:\/\/rusch.ch\/podcasts\/wp-json\/wp\/v2\/media?parent=1215"}],"curies":[{"name":"wp","href":"https:\/\/api.w.org\/{rel}","templated":true}]}}