{"id":1704,"date":"2024-05-03T04:08:08","date_gmt":"2024-05-03T02:08:08","guid":{"rendered":"https:\/\/rusch.ch\/podcasts\/?page_id=1704"},"modified":"2024-05-04T03:54:14","modified_gmt":"2024-05-04T01:54:14","slug":"sonder-folge-die-groessten-neuigkeiten-aus-der-rusch-welt","status":"publish","type":"page","link":"https:\/\/rusch.ch\/podcasts\/sonder-folge-die-groessten-neuigkeiten-aus-der-rusch-welt\/","title":{"rendered":"Sonder-Folge \u00bbDie gr\u00f6ssten Neuigkeiten aus der Rusch-Welt\u00ab"},"content":{"rendered":"\t\t<div data-elementor-type=\"wp-page\" data-elementor-id=\"1704\" class=\"elementor elementor-1704\" data-elementor-post-type=\"page\">\n\t\t\t\t\t\t<section class=\"elementor-section elementor-top-section elementor-element elementor-element-d784b9a elementor-section-boxed elementor-section-height-default elementor-section-height-default\" data-id=\"d784b9a\" data-element_type=\"section\">\n\t\t\t\t\t\t<div class=\"elementor-container elementor-column-gap-default\">\n\t\t\t\t\t<div data-dce-background-image-url=\"https:\/\/rusch.ch\/podcasts\/wp-content\/uploads\/sites\/43\/2017\/09\/header_blank_podcast.jpg\" class=\"elementor-column elementor-col-100 elementor-top-column elementor-element elementor-element-08e7bea\" data-id=\"08e7bea\" data-element_type=\"column\" data-settings=\"{&quot;background_background&quot;:&quot;classic&quot;}\">\n\t\t\t<div class=\"elementor-widget-wrap elementor-element-populated\">\n\t\t\t\t\t\t<div data-dce-title-color=\"#FFFFFF\" class=\"elementor-element elementor-element-87dac8b elementor-widget elementor-widget-heading\" data-id=\"87dac8b\" data-element_type=\"widget\" data-widget_type=\"heading.default\">\n\t\t\t\t<div class=\"elementor-widget-container\">\n\t\t\t\t\t<h2 class=\"elementor-heading-title elementor-size-default\">Sonder-Folge \u00bbDie gr\u00f6ssten Neuigkeiten aus der Rusch-Welt\u00ab<\/h2>\t\t\t\t<\/div>\n\t\t\t\t<\/div>\n\t\t\t\t\t<\/div>\n\t\t<\/div>\n\t\t\t\t\t<\/div>\n\t\t<\/section>\n\t\t\t\t<section class=\"elementor-section elementor-top-section elementor-element elementor-element-8368aec elementor-section-content-middle elementor-section-boxed elementor-section-height-default elementor-section-height-default\" data-id=\"8368aec\" data-element_type=\"section\">\n\t\t\t\t\t\t<div class=\"elementor-container elementor-column-gap-no\">\n\t\t\t\t\t<div data-dce-background-color=\"#633564\" class=\"elementor-column elementor-col-50 elementor-top-column elementor-element elementor-element-27135f8\" data-id=\"27135f8\" data-element_type=\"column\" data-settings=\"{&quot;background_background&quot;:&quot;classic&quot;}\">\n\t\t\t<div class=\"elementor-widget-wrap elementor-element-populated\">\n\t\t\t\t\t\t<div class=\"elementor-element elementor-element-ff7980b dce_masking-none elementor-widget elementor-widget-image\" data-id=\"ff7980b\" data-element_type=\"widget\" data-widget_type=\"image.default\">\n\t\t\t\t<div class=\"elementor-widget-container\">\n\t\t\t\t\t\t\t\t\t\t\t\t\t\t\t\t<a href=\"https:\/\/itunes.apple.com\/de\/podcast\/rusch-podcast\/id280852258?mt=2\" target=\"_blank\">\n\t\t\t\t\t\t\t<img decoding=\"async\" src=\"http:\/\/www.rusch.ch\/podcasts\/wp-content\/uploads\/sites\/43\/2017\/09\/iTunes_banner.jpg\" title=\"\" alt=\"\" loading=\"lazy\" \/>\t\t\t\t\t\t\t\t<\/a>\n\t\t\t\t\t\t\t\t\t\t\t\t\t\t\t<\/div>\n\t\t\t\t<\/div>\n\t\t\t\t\t<\/div>\n\t\t<\/div>\n\t\t\t\t<div data-dce-background-color=\"#633564\" class=\"elementor-column elementor-col-50 elementor-top-column elementor-element elementor-element-a3c8caf\" data-id=\"a3c8caf\" data-element_type=\"column\" data-settings=\"{&quot;background_background&quot;:&quot;classic&quot;}\">\n\t\t\t<div class=\"elementor-widget-wrap elementor-element-populated\">\n\t\t\t\t\t\t<div data-dce-background-color=\"#ffffff\" class=\"elementor-element elementor-element-cebf2b2 elementor-align-center elementor-widget elementor-widget-button\" data-id=\"cebf2b2\" data-element_type=\"widget\" data-widget_type=\"button.default\">\n\t\t\t\t<div class=\"elementor-widget-container\">\n\t\t\t\t\t\t\t\t\t<div class=\"elementor-button-wrapper\">\n\t\t\t\t\t<a class=\"elementor-button elementor-button-link elementor-size-md\" href=\"http:\/\/www.rusch.ch\/podcasts\/\">\n\t\t\t\t\t\t<span class=\"elementor-button-content-wrapper\">\n\t\t\t\t\t\t\t\t\t<span class=\"elementor-button-text\">Zur\u00fcck zur \u00dcbersicht<\/span>\n\t\t\t\t\t<\/span>\n\t\t\t\t\t<\/a>\n\t\t\t\t<\/div>\n\t\t\t\t\t\t\t\t<\/div>\n\t\t\t\t<\/div>\n\t\t\t\t\t<\/div>\n\t\t<\/div>\n\t\t\t\t\t<\/div>\n\t\t<\/section>\n\t\t\t\t<section class=\"elementor-section elementor-top-section elementor-element elementor-element-cc1f345 elementor-section-boxed elementor-section-height-default elementor-section-height-default\" data-id=\"cc1f345\" data-element_type=\"section\" data-settings=\"{&quot;background_background&quot;:&quot;classic&quot;}\">\n\t\t\t\t\t\t<div class=\"elementor-container elementor-column-gap-no\">\n\t\t\t\t\t<div data-dce-background-color=\"#F1E6F1\" class=\"elementor-column elementor-col-100 elementor-top-column elementor-element elementor-element-b039c47\" data-id=\"b039c47\" data-element_type=\"column\" data-settings=\"{&quot;background_background&quot;:&quot;classic&quot;}\">\n\t\t\t<div class=\"elementor-widget-wrap elementor-element-populated\">\n\t\t\t\t\t\t<div class=\"elementor-element elementor-element-a3d2576 elementor-widget elementor-widget-shortcode\" data-id=\"a3d2576\" data-element_type=\"widget\" data-widget_type=\"shortcode.default\">\n\t\t\t\t<div class=\"elementor-widget-container\">\n\t\t\t\t\t\t\t<div class=\"elementor-shortcode\"><\/div>\n\t\t\t\t\t\t<\/div>\n\t\t\t\t<\/div>\n\t\t\t\t<div data-dce-title-color=\"#FF0202\" class=\"elementor-element elementor-element-4916146 elementor-widget elementor-widget-heading\" data-id=\"4916146\" data-element_type=\"widget\" data-widget_type=\"heading.default\">\n\t\t\t\t<div class=\"elementor-widget-container\">\n\t\t\t\t\t<h3 class=\"elementor-heading-title elementor-size-default\">In dieser Folge erhalten Sie die neuesten Updates \u00fcber das, was Alex Rusch und sein Team in letztes Zeit auf die Beine gestellt haben und was geplant ist f\u00fcr die nahe Zukunft.<\/h3>\t\t\t\t<\/div>\n\t\t\t\t<\/div>\n\t\t\t\t<div data-dce-title-color=\"#FF0202\" class=\"elementor-element elementor-element-ab3eb27 elementor-widget elementor-widget-heading\" data-id=\"ab3eb27\" data-element_type=\"widget\" data-widget_type=\"heading.default\">\n\t\t\t\t<div class=\"elementor-widget-container\">\n\t\t\t\t\t<h3 class=\"elementor-heading-title elementor-size-default\">Bitte den \u00bbRusch Podcast\u00ab weiterempfehlen!<\/h3>\t\t\t\t<\/div>\n\t\t\t\t<\/div>\n\t\t\t\t<div data-dce-text-color=\"#000000\" class=\"elementor-element elementor-element-0f72f81 elementor-widget elementor-widget-text-editor\" data-id=\"0f72f81\" data-element_type=\"widget\" data-widget_type=\"text-editor.default\">\n\t\t\t\t<div class=\"elementor-widget-container\">\n\t\t\t\t\t\t\t\t\t<p>Gef\u00e4llt Ihnen der \u00bbRusch Podcast\u00ab? Konnten Sie ihm wertvolle Impulse, Informationen und Lernelemente entnehmen? Wenn ja, w\u00fcrden wir uns sehr freuen, wenn Sie ihn weiterempfehlen m\u00f6chten. Ganz sicher werden sich Ihre Bekannten \u00fcber Ihre Empfehlung freuen!<\/p><p><em><span class=\"gelb-bg\">Es dauert f\u00fcr Sie nur eine halbe Minute, denn wir haben f\u00fcr Sie ein ganz einfaches Formular vorbereitet. Besten Dank im Voraus!<\/span><\/em><\/p>\t\t\t\t\t\t\t\t<\/div>\n\t\t\t\t<\/div>\n\t\t\t\t<div class=\"elementor-element elementor-element-631d738 elementor-widget elementor-widget-shortcode\" data-id=\"631d738\" data-element_type=\"widget\" data-widget_type=\"shortcode.default\">\n\t\t\t\t<div class=\"elementor-widget-container\">\n\t\t\t\t\t\t\t<div class=\"elementor-shortcode\">\n<div class=\"wpcf7 no-js\" id=\"wpcf7-f72-o1\" lang=\"de-DE\" dir=\"ltr\" data-wpcf7-id=\"72\">\n<div class=\"screen-reader-response\"><p role=\"status\" aria-live=\"polite\" aria-atomic=\"true\"><\/p> <ul><\/ul><\/div>\n<form action=\"\/podcasts\/wp-json\/wp\/v2\/pages\/1704#wpcf7-f72-o1\" method=\"post\" class=\"wpcf7-form init\" aria-label=\"Kontaktformular\" novalidate=\"novalidate\" data-status=\"init\">\n<fieldset class=\"hidden-fields-container\"><input type=\"hidden\" name=\"_wpcf7\" value=\"72\" \/><input type=\"hidden\" name=\"_wpcf7_version\" value=\"6.1.3\" \/><input type=\"hidden\" name=\"_wpcf7_locale\" value=\"de_DE\" \/><input type=\"hidden\" name=\"_wpcf7_unit_tag\" value=\"wpcf7-f72-o1\" \/><input type=\"hidden\" name=\"_wpcf7_container_post\" value=\"0\" \/><input type=\"hidden\" name=\"_wpcf7_posted_data_hash\" value=\"\" \/>\n<\/fieldset>\n<table width=\"100%\" style=\"border:3px dashed #fc0101; padding: 35px;\">\n\t<tr>\n\t\t<td style=\"padding:15px\">\n\t\t\t<p style=\"font-size:130%; color: #663366; font-weight:bold;\">Ihre Angaben\n\t\t\t<\/p>\n\t\t<\/td>\n\t<\/tr>\n\t<tr>\n\t\t<td style=\"padding-left:15px; padding-bottom: 10px;\">\n\t\t\t<p><label>Ihr Vorname und Name:<br \/>\n<span class=\"wpcf7-form-control-wrap\" data-name=\"name1\"><input size=\"40\" maxlength=\"400\" class=\"wpcf7-form-control wpcf7-text wpcf7-validates-as-required\" aria-required=\"true\" aria-invalid=\"false\" value=\"\" type=\"text\" name=\"name1\" \/><\/span> <\/label>\n\t\t\t<\/p>\n\t\t<\/td>\n\t<\/tr>\n\t<tr>\n\t\t<td style=\"padding-left:15px; padding-bottom: 30px;\">\n\t\t\t<p><label> Ihre E-Mail-Adresse:<br \/>\n<span class=\"wpcf7-form-control-wrap\" data-name=\"email1\"><input size=\"40\" maxlength=\"400\" class=\"wpcf7-form-control wpcf7-email wpcf7-validates-as-required wpcf7-text wpcf7-validates-as-email\" aria-required=\"true\" aria-invalid=\"false\" value=\"\" type=\"email\" name=\"email1\" \/><\/span> <\/label>\n\t\t\t<\/p>\n\t\t<\/td>\n\t<\/tr>\n\t<tr>\n\t\t<td style=\"padding:15px\">\n\t\t\t<p style=\"font-size:130%; color: #663366; font-weight:bold;\">Angaben zu Ihrer\/Ihrem Bekannte\/n\n\t\t\t<\/p>\n\t\t<\/td>\n\t<\/tr>\n\t<tr>\n\t\t<td style=\"padding-left:15px; padding-bottom: 10px;\">\n\t\t\t<p><label>Vorname und Name:<br \/>\n<span class=\"wpcf7-form-control-wrap\" data-name=\"name2\"><input size=\"40\" maxlength=\"400\" class=\"wpcf7-form-control wpcf7-text wpcf7-validates-as-required\" aria-required=\"true\" aria-invalid=\"false\" value=\"\" type=\"text\" name=\"name2\" \/><\/span> <\/label>\n\t\t\t<\/p>\n\t\t<\/td>\n\t<\/tr>\n\t<tr>\n\t\t<td style=\"padding-left:15px\" padding-bottom: 10px;>\n\t\t\t<p><label> E-Mail-Adresse:<br \/>\n<span class=\"wpcf7-form-control-wrap\" data-name=\"email2\"><input size=\"40\" maxlength=\"400\" class=\"wpcf7-form-control wpcf7-email wpcf7-validates-as-required wpcf7-text wpcf7-validates-as-email\" aria-required=\"true\" aria-invalid=\"false\" value=\"\" type=\"email\" name=\"email2\" \/><\/span> <\/label>\n\t\t\t<\/p>\n\t\t<\/td>\n\t<\/tr>\n\t<tr>\n\t\t<td style=\"padding:15px\">\n\t\t\t<p><input class=\"wpcf7-form-control wpcf7-submit has-spinner\" type=\"submit\" value=\"Senden\" \/>\n\t\t\t<\/p>\n\t\t<\/td>\n\t<\/tr>\n<\/table><div class=\"wpcf7-response-output\" aria-hidden=\"true\"><\/div>\n<\/form>\n<\/div>\n<\/div>\n\t\t\t\t\t\t<\/div>\n\t\t\t\t<\/div>\n\t\t\t\t\t<\/div>\n\t\t<\/div>\n\t\t\t\t\t<\/div>\n\t\t<\/section>\n\t\t\t\t<\/div>\n\t\t","protected":false},"excerpt":{"rendered":"<p>Zur\u00fcck zur \u00dcbersicht In dieser Folge erhalten Sie die neuesten Updates \u00fcber das, was Alex Rusch und sein Team in letztes Zeit auf die Beine gestellt haben und was geplant ist f\u00fcr die nahe Zukunft. Bitte den \u00bbRusch Podcast\u00ab weiterempfehlen! Gef\u00e4llt Ihnen der \u00bbRusch Podcast\u00ab? Konnten Sie ihm wertvolle Impulse, Informationen und Lernelemente entnehmen? Wenn [&hellip;]<\/p>\n","protected":false},"author":22,"featured_media":0,"parent":0,"menu_order":0,"comment_status":"closed","ping_status":"closed","template":"","meta":{"_acf_changed":false,"footnotes":""},"class_list":["post-1704","page","type-page","status-publish","hentry"],"acf":[],"_links":{"self":[{"href":"https:\/\/rusch.ch\/podcasts\/wp-json\/wp\/v2\/pages\/1704","targetHints":{"allow":["GET"]}}],"collection":[{"href":"https:\/\/rusch.ch\/podcasts\/wp-json\/wp\/v2\/pages"}],"about":[{"href":"https:\/\/rusch.ch\/podcasts\/wp-json\/wp\/v2\/types\/page"}],"author":[{"embeddable":true,"href":"https:\/\/rusch.ch\/podcasts\/wp-json\/wp\/v2\/users\/22"}],"replies":[{"embeddable":true,"href":"https:\/\/rusch.ch\/podcasts\/wp-json\/wp\/v2\/comments?post=1704"}],"version-history":[{"count":7,"href":"https:\/\/rusch.ch\/podcasts\/wp-json\/wp\/v2\/pages\/1704\/revisions"}],"predecessor-version":[{"id":1724,"href":"https:\/\/rusch.ch\/podcasts\/wp-json\/wp\/v2\/pages\/1704\/revisions\/1724"}],"wp:attachment":[{"href":"https:\/\/rusch.ch\/podcasts\/wp-json\/wp\/v2\/media?parent=1704"}],"curies":[{"name":"wp","href":"https:\/\/api.w.org\/{rel}","templated":true}]}}