{"id":210,"date":"2017-09-07T15:02:52","date_gmt":"2017-09-07T13:02:52","guid":{"rendered":"http:\/\/www.rusch.ch\/podcasts\/?page_id=210"},"modified":"2023-08-08T17:58:43","modified_gmt":"2023-08-08T15:58:43","slug":"rusch-podcast-nr-26","status":"publish","type":"page","link":"https:\/\/rusch.ch\/podcasts\/rusch-podcast-nr-26\/","title":{"rendered":"Rusch Podcast Nr. 26"},"content":{"rendered":"<div class=\"powerpress_player\" id=\"powerpress_player_6528\"><audio class=\"wp-audio-shortcode\" id=\"audio-210-2\" preload=\"none\" style=\"width: 100%;\" controls=\"controls\"><source type=\"audio\/mpeg\" src=\"http:\/\/media.blubrry.com\/zieleshow\/www.rusch.ch\/podcast\/Rusch_Podcast_26\/Rusch_Podcast_26.mp3?_=2\" \/><a href=\"http:\/\/media.blubrry.com\/zieleshow\/www.rusch.ch\/podcast\/Rusch_Podcast_26\/Rusch_Podcast_26.mp3\">http:\/\/media.blubrry.com\/zieleshow\/www.rusch.ch\/podcast\/Rusch_Podcast_26\/Rusch_Podcast_26.mp3<\/a><\/audio><\/div><p class=\"powerpress_links powerpress_links_mp3\" style=\"margin-bottom: 1px !important;\">Podcast: <a href=\"http:\/\/media.blubrry.com\/zieleshow\/www.rusch.ch\/podcast\/Rusch_Podcast_26\/Rusch_Podcast_26.mp3\" class=\"powerpress_link_pinw\" target=\"_blank\" title=\"Play in new window\" onclick=\"return powerpress_pinw('https:\/\/rusch.ch\/podcasts\/?powerpress_pinw=210-podcast');\" rel=\"nofollow\">Play in new window<\/a> | <a href=\"http:\/\/media.blubrry.com\/zieleshow\/www.rusch.ch\/podcast\/Rusch_Podcast_26\/Rusch_Podcast_26.mp3\" class=\"powerpress_link_d\" title=\"Download\" rel=\"nofollow\" download=\"Rusch_Podcast_26.mp3\">Download<\/a> (Duration: 23:54 &#8212; 21.9MB)<\/p>\t\t<div data-elementor-type=\"wp-post\" data-elementor-id=\"210\" class=\"elementor elementor-210\" data-elementor-post-type=\"page\">\n\t\t\t\t\t\t<section class=\"elementor-section elementor-top-section elementor-element elementor-element-d9d4b79 elementor-section-boxed elementor-section-height-default elementor-section-height-default\" data-id=\"d9d4b79\" data-element_type=\"section\">\n\t\t\t\t\t\t<div class=\"elementor-container elementor-column-gap-default\">\n\t\t\t\t\t<div data-dce-background-image-url=\"https:\/\/rusch.ch\/podcasts\/wp-content\/uploads\/sites\/43\/2017\/09\/header_blank_podcast.jpg\" class=\"elementor-column elementor-col-100 elementor-top-column elementor-element elementor-element-b722d8d\" data-id=\"b722d8d\" data-element_type=\"column\" data-settings=\"{&quot;background_background&quot;:&quot;classic&quot;}\">\n\t\t\t<div class=\"elementor-widget-wrap elementor-element-populated\">\n\t\t\t\t\t\t<div data-dce-title-color=\"#FFFFFF\" class=\"elementor-element elementor-element-0f8ed2c elementor-widget elementor-widget-heading\" data-id=\"0f8ed2c\" data-element_type=\"widget\" data-widget_type=\"heading.default\">\n\t\t\t\t<div class=\"elementor-widget-container\">\n\t\t\t\t\t<h2 class=\"elementor-heading-title elementor-size-default\">Rusch Podcast Nr. 26<\/h2>\t\t\t\t<\/div>\n\t\t\t\t<\/div>\n\t\t\t\t\t<\/div>\n\t\t<\/div>\n\t\t\t\t\t<\/div>\n\t\t<\/section>\n\t\t\t\t<section class=\"elementor-section elementor-top-section elementor-element elementor-element-8bf161f elementor-section-content-middle elementor-section-boxed elementor-section-height-default elementor-section-height-default\" data-id=\"8bf161f\" data-element_type=\"section\">\n\t\t\t\t\t\t<div class=\"elementor-container elementor-column-gap-no\">\n\t\t\t\t\t<div data-dce-background-color=\"#633564\" class=\"elementor-column elementor-col-50 elementor-top-column elementor-element elementor-element-d45ffcf\" data-id=\"d45ffcf\" data-element_type=\"column\" data-settings=\"{&quot;background_background&quot;:&quot;classic&quot;}\">\n\t\t\t<div class=\"elementor-widget-wrap elementor-element-populated\">\n\t\t\t\t\t\t<div class=\"elementor-element elementor-element-cc2d6b2 dce_masking-none elementor-widget elementor-widget-image\" data-id=\"cc2d6b2\" data-element_type=\"widget\" data-widget_type=\"image.default\">\n\t\t\t\t<div class=\"elementor-widget-container\">\n\t\t\t\t\t\t\t\t\t\t\t\t\t\t\t\t<a href=\"https:\/\/itunes.apple.com\/de\/podcast\/rusch-podcast\/id280852258?mt=2\" target=\"_blank\">\n\t\t\t\t\t\t\t<img decoding=\"async\" src=\"http:\/\/www.rusch.ch\/podcasts\/wp-content\/uploads\/sites\/43\/2017\/09\/iTunes_banner.jpg\" title=\"\" alt=\"\" loading=\"lazy\" \/>\t\t\t\t\t\t\t\t<\/a>\n\t\t\t\t\t\t\t\t\t\t\t\t\t\t\t<\/div>\n\t\t\t\t<\/div>\n\t\t\t\t\t<\/div>\n\t\t<\/div>\n\t\t\t\t<div data-dce-background-color=\"#633564\" class=\"elementor-column elementor-col-50 elementor-top-column elementor-element elementor-element-46ef2cb\" data-id=\"46ef2cb\" data-element_type=\"column\" data-settings=\"{&quot;background_background&quot;:&quot;classic&quot;}\">\n\t\t\t<div class=\"elementor-widget-wrap elementor-element-populated\">\n\t\t\t\t\t\t<div data-dce-background-color=\"#ffffff\" class=\"elementor-element elementor-element-34ff737 elementor-align-center elementor-widget elementor-widget-button\" data-id=\"34ff737\" data-element_type=\"widget\" data-widget_type=\"button.default\">\n\t\t\t\t<div class=\"elementor-widget-container\">\n\t\t\t\t\t\t\t\t\t<div class=\"elementor-button-wrapper\">\n\t\t\t\t\t<a class=\"elementor-button elementor-button-link elementor-size-md\" href=\"http:\/\/www.rusch.ch\/podcasts\/\">\n\t\t\t\t\t\t<span class=\"elementor-button-content-wrapper\">\n\t\t\t\t\t\t\t\t\t<span class=\"elementor-button-text\">Zur\u00fcck zur \u00dcbersicht<\/span>\n\t\t\t\t\t<\/span>\n\t\t\t\t\t<\/a>\n\t\t\t\t<\/div>\n\t\t\t\t\t\t\t\t<\/div>\n\t\t\t\t<\/div>\n\t\t\t\t\t<\/div>\n\t\t<\/div>\n\t\t\t\t\t<\/div>\n\t\t<\/section>\n\t\t\t\t<section class=\"elementor-section elementor-top-section elementor-element elementor-element-0947609 elementor-section-boxed elementor-section-height-default elementor-section-height-default\" data-id=\"0947609\" data-element_type=\"section\" data-settings=\"{&quot;background_background&quot;:&quot;classic&quot;}\">\n\t\t\t\t\t\t<div class=\"elementor-container elementor-column-gap-default\">\n\t\t\t\t\t<div data-dce-background-color=\"#F1E6F1\" class=\"elementor-column elementor-col-100 elementor-top-column elementor-element elementor-element-bca2d05\" data-id=\"bca2d05\" data-element_type=\"column\" data-settings=\"{&quot;background_background&quot;:&quot;classic&quot;}\">\n\t\t\t<div class=\"elementor-widget-wrap elementor-element-populated\">\n\t\t\t\t\t\t<div class=\"elementor-element elementor-element-55440dc elementor-widget elementor-widget-shortcode\" data-id=\"55440dc\" data-element_type=\"widget\" data-widget_type=\"shortcode.default\">\n\t\t\t\t<div class=\"elementor-widget-container\">\n\t\t\t\t\t\t\t<div class=\"elementor-shortcode\"><div class=\"powerpress_player\" id=\"powerpress_player_6527\"><!--[if lt IE 9]><script>document.createElement('audio');<\/script><![endif]-->\n<audio class=\"wp-audio-shortcode\" id=\"audio-210-1\" preload=\"none\" style=\"width: 100%;\" controls=\"controls\"><source type=\"audio\/mpeg\" src=\"http:\/\/media.blubrry.com\/zieleshow\/www.rusch.ch\/podcast\/Rusch_Podcast_26\/Rusch_Podcast_26.mp3?_=1\" \/><a href=\"http:\/\/media.blubrry.com\/zieleshow\/www.rusch.ch\/podcast\/Rusch_Podcast_26\/Rusch_Podcast_26.mp3\">http:\/\/media.blubrry.com\/zieleshow\/www.rusch.ch\/podcast\/Rusch_Podcast_26\/Rusch_Podcast_26.mp3<\/a><\/audio><\/div><p class=\"powerpress_links powerpress_links_mp3\" style=\"margin-bottom: 1px !important;\">Podcast: <a href=\"http:\/\/media.blubrry.com\/zieleshow\/www.rusch.ch\/podcast\/Rusch_Podcast_26\/Rusch_Podcast_26.mp3\" class=\"powerpress_link_pinw\" target=\"_blank\" title=\"Play in new window\" onclick=\"return powerpress_pinw('https:\/\/rusch.ch\/podcasts\/?powerpress_pinw=210-podcast');\" rel=\"nofollow\">Play in new window<\/a> | <a href=\"http:\/\/media.blubrry.com\/zieleshow\/www.rusch.ch\/podcast\/Rusch_Podcast_26\/Rusch_Podcast_26.mp3\" class=\"powerpress_link_d\" title=\"Download\" rel=\"nofollow\" download=\"Rusch_Podcast_26.mp3\">Download<\/a> (Duration: 23:54 &#8212; 21.9MB)<\/p><\/div>\n\t\t\t\t\t\t<\/div>\n\t\t\t\t<\/div>\n\t\t\t\t\t<\/div>\n\t\t<\/div>\n\t\t\t\t\t<\/div>\n\t\t<\/section>\n\t\t\t\t<section class=\"elementor-section elementor-top-section elementor-element elementor-element-baada84 elementor-section-boxed elementor-section-height-default elementor-section-height-default\" data-id=\"baada84\" data-element_type=\"section\" data-settings=\"{&quot;background_background&quot;:&quot;classic&quot;}\">\n\t\t\t\t\t\t<div class=\"elementor-container elementor-column-gap-no\">\n\t\t\t\t\t<div data-dce-background-color=\"#F1E6F1\" class=\"elementor-column elementor-col-100 elementor-top-column elementor-element elementor-element-638ec82\" data-id=\"638ec82\" data-element_type=\"column\" data-settings=\"{&quot;background_background&quot;:&quot;classic&quot;}\">\n\t\t\t<div class=\"elementor-widget-wrap elementor-element-populated\">\n\t\t\t\t\t\t<div data-dce-title-color=\"#FF0202\" class=\"elementor-element elementor-element-2c0d25e elementor-widget elementor-widget-heading\" data-id=\"2c0d25e\" data-element_type=\"widget\" data-widget_type=\"heading.default\">\n\t\t\t\t<div class=\"elementor-widget-container\">\n\t\t\t\t\t<h3 class=\"elementor-heading-title elementor-size-default\">Bitte den \u00bbRusch Podcast\u00ab weiterempfehlen!<\/h3>\t\t\t\t<\/div>\n\t\t\t\t<\/div>\n\t\t\t\t<div data-dce-text-color=\"#000000\" class=\"elementor-element elementor-element-9f08f80 elementor-widget elementor-widget-text-editor\" data-id=\"9f08f80\" data-element_type=\"widget\" data-widget_type=\"text-editor.default\">\n\t\t\t\t<div class=\"elementor-widget-container\">\n\t\t\t\t\t\t\t\t\t<p>Gef\u00e4llt Ihnen der \u00bbRusch Podcast\u00ab? Konnten Sie ihm wertvolle Impulse, Informationen und Lernelemente entnehmen? Wenn ja, w\u00fcrden wir uns sehr freuen, wenn Sie ihn weiterempfehlen m\u00f6chten. Ganz sicher werden sich Ihre Bekannten \u00fcber Ihre Empfehlung freuen!<\/p><p><em><span class=\"gelb-bg\">Es dauert f\u00fcr Sie nur eine halbe Minute, denn wir haben f\u00fcr Sie ein ganz einfaches Formular vorbereitet. Besten Dank im Voraus!<\/span><\/em><\/p>\t\t\t\t\t\t\t\t<\/div>\n\t\t\t\t<\/div>\n\t\t\t\t<div class=\"elementor-element elementor-element-e3a0523 elementor-widget elementor-widget-shortcode\" data-id=\"e3a0523\" data-element_type=\"widget\" data-widget_type=\"shortcode.default\">\n\t\t\t\t<div class=\"elementor-widget-container\">\n\t\t\t\t\t\t\t<div class=\"elementor-shortcode\">\n<div class=\"wpcf7 no-js\" id=\"wpcf7-f72-o1\" lang=\"de-DE\" dir=\"ltr\" data-wpcf7-id=\"72\">\n<div class=\"screen-reader-response\"><p role=\"status\" aria-live=\"polite\" aria-atomic=\"true\"><\/p> <ul><\/ul><\/div>\n<form action=\"\/podcasts\/wp-json\/wp\/v2\/pages\/210#wpcf7-f72-o1\" method=\"post\" class=\"wpcf7-form init\" aria-label=\"Kontaktformular\" novalidate=\"novalidate\" data-status=\"init\">\n<fieldset class=\"hidden-fields-container\"><input type=\"hidden\" name=\"_wpcf7\" value=\"72\" \/><input type=\"hidden\" name=\"_wpcf7_version\" value=\"6.1.3\" \/><input type=\"hidden\" name=\"_wpcf7_locale\" value=\"de_DE\" \/><input type=\"hidden\" name=\"_wpcf7_unit_tag\" value=\"wpcf7-f72-o1\" \/><input type=\"hidden\" name=\"_wpcf7_container_post\" value=\"0\" \/><input type=\"hidden\" name=\"_wpcf7_posted_data_hash\" value=\"\" \/>\n<\/fieldset>\n<table width=\"100%\" style=\"border:3px dashed #fc0101; padding: 35px;\">\n\t<tr>\n\t\t<td style=\"padding:15px\">\n\t\t\t<p style=\"font-size:130%; color: #663366; font-weight:bold;\">Ihre Angaben\n\t\t\t<\/p>\n\t\t<\/td>\n\t<\/tr>\n\t<tr>\n\t\t<td style=\"padding-left:15px; padding-bottom: 10px;\">\n\t\t\t<p><label>Ihr Vorname und Name:<br \/>\n<span class=\"wpcf7-form-control-wrap\" data-name=\"name1\"><input size=\"40\" maxlength=\"400\" class=\"wpcf7-form-control wpcf7-text wpcf7-validates-as-required\" aria-required=\"true\" aria-invalid=\"false\" value=\"\" type=\"text\" name=\"name1\" \/><\/span> <\/label>\n\t\t\t<\/p>\n\t\t<\/td>\n\t<\/tr>\n\t<tr>\n\t\t<td style=\"padding-left:15px; padding-bottom: 30px;\">\n\t\t\t<p><label> Ihre E-Mail-Adresse:<br \/>\n<span class=\"wpcf7-form-control-wrap\" data-name=\"email1\"><input size=\"40\" maxlength=\"400\" class=\"wpcf7-form-control wpcf7-email wpcf7-validates-as-required wpcf7-text wpcf7-validates-as-email\" aria-required=\"true\" aria-invalid=\"false\" value=\"\" type=\"email\" name=\"email1\" \/><\/span> <\/label>\n\t\t\t<\/p>\n\t\t<\/td>\n\t<\/tr>\n\t<tr>\n\t\t<td style=\"padding:15px\">\n\t\t\t<p style=\"font-size:130%; color: #663366; font-weight:bold;\">Angaben zu Ihrer\/Ihrem Bekannte\/n\n\t\t\t<\/p>\n\t\t<\/td>\n\t<\/tr>\n\t<tr>\n\t\t<td style=\"padding-left:15px; padding-bottom: 10px;\">\n\t\t\t<p><label>Vorname und Name:<br \/>\n<span class=\"wpcf7-form-control-wrap\" data-name=\"name2\"><input size=\"40\" maxlength=\"400\" class=\"wpcf7-form-control wpcf7-text wpcf7-validates-as-required\" aria-required=\"true\" aria-invalid=\"false\" value=\"\" type=\"text\" name=\"name2\" \/><\/span> <\/label>\n\t\t\t<\/p>\n\t\t<\/td>\n\t<\/tr>\n\t<tr>\n\t\t<td style=\"padding-left:15px\" padding-bottom: 10px;>\n\t\t\t<p><label> E-Mail-Adresse:<br \/>\n<span class=\"wpcf7-form-control-wrap\" data-name=\"email2\"><input size=\"40\" maxlength=\"400\" class=\"wpcf7-form-control wpcf7-email wpcf7-validates-as-required wpcf7-text wpcf7-validates-as-email\" aria-required=\"true\" aria-invalid=\"false\" value=\"\" type=\"email\" name=\"email2\" \/><\/span> <\/label>\n\t\t\t<\/p>\n\t\t<\/td>\n\t<\/tr>\n\t<tr>\n\t\t<td style=\"padding:15px\">\n\t\t\t<p><input class=\"wpcf7-form-control wpcf7-submit has-spinner\" type=\"submit\" value=\"Senden\" \/>\n\t\t\t<\/p>\n\t\t<\/td>\n\t<\/tr>\n<\/table><div class=\"wpcf7-response-output\" aria-hidden=\"true\"><\/div>\n<\/form>\n<\/div>\n<\/div>\n\t\t\t\t\t\t<\/div>\n\t\t\t\t<\/div>\n\t\t\t\t\t<\/div>\n\t\t<\/div>\n\t\t\t\t\t<\/div>\n\t\t<\/section>\n\t\t\t\t<\/div>\n\t\t","protected":false},"excerpt":{"rendered":"<p>Zur\u00fcck zur \u00dcbersicht Bitte den \u00bbRusch Podcast\u00ab weiterempfehlen! Gef\u00e4llt Ihnen der \u00bbRusch Podcast\u00ab? Konnten Sie ihm wertvolle Impulse, Informationen und Lernelemente entnehmen? Wenn ja, w\u00fcrden wir uns sehr freuen, wenn Sie ihn weiterempfehlen m\u00f6chten. Ganz sicher werden sich Ihre Bekannten \u00fcber Ihre Empfehlung freuen! Es dauert f\u00fcr Sie nur eine halbe Minute, denn wir haben [&hellip;]<\/p>\n","protected":false},"author":1,"featured_media":0,"parent":0,"menu_order":0,"comment_status":"closed","ping_status":"closed","template":"elementor_header_footer","meta":{"_acf_changed":false,"footnotes":""},"class_list":["post-210","page","type-page","status-publish","hentry"],"acf":[],"_links":{"self":[{"href":"https:\/\/rusch.ch\/podcasts\/wp-json\/wp\/v2\/pages\/210","targetHints":{"allow":["GET"]}}],"collection":[{"href":"https:\/\/rusch.ch\/podcasts\/wp-json\/wp\/v2\/pages"}],"about":[{"href":"https:\/\/rusch.ch\/podcasts\/wp-json\/wp\/v2\/types\/page"}],"author":[{"embeddable":true,"href":"https:\/\/rusch.ch\/podcasts\/wp-json\/wp\/v2\/users\/1"}],"replies":[{"embeddable":true,"href":"https:\/\/rusch.ch\/podcasts\/wp-json\/wp\/v2\/comments?post=210"}],"version-history":[{"count":3,"href":"https:\/\/rusch.ch\/podcasts\/wp-json\/wp\/v2\/pages\/210\/revisions"}],"predecessor-version":[{"id":1559,"href":"https:\/\/rusch.ch\/podcasts\/wp-json\/wp\/v2\/pages\/210\/revisions\/1559"}],"wp:attachment":[{"href":"https:\/\/rusch.ch\/podcasts\/wp-json\/wp\/v2\/media?parent=210"}],"curies":[{"name":"wp","href":"https:\/\/api.w.org\/{rel}","templated":true}]}}