{"id":374,"date":"2017-10-04T11:26:33","date_gmt":"2017-10-04T09:26:33","guid":{"rendered":"http:\/\/www.rusch.ch\/podcasts\/?page_id=374"},"modified":"2023-08-08T17:35:52","modified_gmt":"2023-08-08T15:35:52","slug":"erar3-gruene-smoothies-ja-oder-nein","status":"publish","type":"page","link":"https:\/\/rusch.ch\/podcasts\/erar3-gruene-smoothies-ja-oder-nein\/","title":{"rendered":"ERAR3: Gr\u00fcne Smoothies ja oder nein?"},"content":{"rendered":"<div class=\"powerpress_player\" id=\"powerpress_player_2127\"><audio class=\"wp-audio-shortcode\" id=\"audio-374-2\" preload=\"none\" style=\"width: 100%;\" controls=\"controls\"><source type=\"audio\/mpeg\" src=\"http:\/\/media.blubrry.com\/zieleshow\/rusch.ch\/podcast\/ERAR\/ERAR_3_Gruene_Smoothies.mp3?_=2\" \/><a href=\"http:\/\/media.blubrry.com\/zieleshow\/rusch.ch\/podcast\/ERAR\/ERAR_3_Gruene_Smoothies.mp3\">http:\/\/media.blubrry.com\/zieleshow\/rusch.ch\/podcast\/ERAR\/ERAR_3_Gruene_Smoothies.mp3<\/a><\/audio><\/div><p class=\"powerpress_links powerpress_links_mp3\" style=\"margin-bottom: 1px !important;\">Podcast: <a href=\"http:\/\/media.blubrry.com\/zieleshow\/rusch.ch\/podcast\/ERAR\/ERAR_3_Gruene_Smoothies.mp3\" class=\"powerpress_link_pinw\" target=\"_blank\" title=\"Play in new window\" onclick=\"return powerpress_pinw('https:\/\/rusch.ch\/podcasts\/?powerpress_pinw=374-podcast');\" rel=\"nofollow\">Play in new window<\/a> | <a href=\"http:\/\/media.blubrry.com\/zieleshow\/rusch.ch\/podcast\/ERAR\/ERAR_3_Gruene_Smoothies.mp3\" class=\"powerpress_link_d\" title=\"Download\" rel=\"nofollow\" download=\"ERAR_3_Gruene_Smoothies.mp3\">Download<\/a> (Duration: 10:42 &#8212; 24.5MB)<\/p>\t\t<div data-elementor-type=\"wp-post\" data-elementor-id=\"374\" class=\"elementor elementor-374\" data-elementor-post-type=\"page\">\n\t\t\t\t\t\t<section class=\"elementor-section elementor-top-section elementor-element elementor-element-b8a1a72 elementor-section-boxed elementor-section-height-default elementor-section-height-default\" data-id=\"b8a1a72\" data-element_type=\"section\">\n\t\t\t\t\t\t<div class=\"elementor-container elementor-column-gap-default\">\n\t\t\t\t\t<div data-dce-background-image-url=\"https:\/\/rusch.ch\/podcasts\/wp-content\/uploads\/sites\/43\/2017\/09\/header_blank_podcast.jpg\" class=\"elementor-column elementor-col-100 elementor-top-column elementor-element elementor-element-49b9016\" data-id=\"49b9016\" data-element_type=\"column\" data-settings=\"{&quot;background_background&quot;:&quot;classic&quot;}\">\n\t\t\t<div class=\"elementor-widget-wrap elementor-element-populated\">\n\t\t\t\t\t\t<div data-dce-title-color=\"#FFFFFF\" class=\"elementor-element elementor-element-9c7a78d elementor-widget elementor-widget-heading\" data-id=\"9c7a78d\" data-element_type=\"widget\" data-widget_type=\"heading.default\">\n\t\t\t\t<div class=\"elementor-widget-container\">\n\t\t\t\t\t<h2 class=\"elementor-heading-title elementor-size-default\">ERAR3: Gr\u00fcne Smoothies ja oder nein?<\/h2>\t\t\t\t<\/div>\n\t\t\t\t<\/div>\n\t\t\t\t\t<\/div>\n\t\t<\/div>\n\t\t\t\t\t<\/div>\n\t\t<\/section>\n\t\t\t\t<section class=\"elementor-section elementor-top-section elementor-element elementor-element-3fd068a elementor-section-content-middle elementor-section-boxed elementor-section-height-default elementor-section-height-default\" data-id=\"3fd068a\" data-element_type=\"section\">\n\t\t\t\t\t\t<div class=\"elementor-container elementor-column-gap-no\">\n\t\t\t\t\t<div data-dce-background-color=\"#633564\" class=\"elementor-column elementor-col-50 elementor-top-column elementor-element elementor-element-996b562\" data-id=\"996b562\" data-element_type=\"column\" data-settings=\"{&quot;background_background&quot;:&quot;classic&quot;}\">\n\t\t\t<div class=\"elementor-widget-wrap elementor-element-populated\">\n\t\t\t\t\t\t<div class=\"elementor-element elementor-element-12b23d6 dce_masking-none elementor-widget elementor-widget-image\" data-id=\"12b23d6\" data-element_type=\"widget\" data-widget_type=\"image.default\">\n\t\t\t\t<div class=\"elementor-widget-container\">\n\t\t\t\t\t\t\t\t\t\t\t\t\t\t\t\t<a href=\"https:\/\/itunes.apple.com\/de\/podcast\/rusch-podcast\/id280852258?mt=2\" target=\"_blank\">\n\t\t\t\t\t\t\t<img decoding=\"async\" src=\"http:\/\/www.rusch.ch\/podcasts\/wp-content\/uploads\/sites\/43\/2017\/09\/iTunes_banner.jpg\" title=\"\" alt=\"\" loading=\"lazy\" \/>\t\t\t\t\t\t\t\t<\/a>\n\t\t\t\t\t\t\t\t\t\t\t\t\t\t\t<\/div>\n\t\t\t\t<\/div>\n\t\t\t\t\t<\/div>\n\t\t<\/div>\n\t\t\t\t<div data-dce-background-color=\"#633564\" class=\"elementor-column elementor-col-50 elementor-top-column elementor-element elementor-element-a707c85\" data-id=\"a707c85\" data-element_type=\"column\" data-settings=\"{&quot;background_background&quot;:&quot;classic&quot;}\">\n\t\t\t<div class=\"elementor-widget-wrap elementor-element-populated\">\n\t\t\t\t\t\t<div data-dce-background-color=\"#ffffff\" class=\"elementor-element elementor-element-b221d00 elementor-align-center elementor-widget elementor-widget-button\" data-id=\"b221d00\" data-element_type=\"widget\" data-widget_type=\"button.default\">\n\t\t\t\t<div class=\"elementor-widget-container\">\n\t\t\t\t\t\t\t\t\t<div class=\"elementor-button-wrapper\">\n\t\t\t\t\t<a class=\"elementor-button elementor-button-link elementor-size-md\" href=\"http:\/\/www.rusch.ch\/podcasts\/\">\n\t\t\t\t\t\t<span class=\"elementor-button-content-wrapper\">\n\t\t\t\t\t\t\t\t\t<span class=\"elementor-button-text\">Zur\u00fcck zur \u00dcbersicht<\/span>\n\t\t\t\t\t<\/span>\n\t\t\t\t\t<\/a>\n\t\t\t\t<\/div>\n\t\t\t\t\t\t\t\t<\/div>\n\t\t\t\t<\/div>\n\t\t\t\t\t<\/div>\n\t\t<\/div>\n\t\t\t\t\t<\/div>\n\t\t<\/section>\n\t\t\t\t<section class=\"elementor-section elementor-top-section elementor-element elementor-element-3cf6669 elementor-section-boxed elementor-section-height-default elementor-section-height-default\" data-id=\"3cf6669\" data-element_type=\"section\" data-settings=\"{&quot;background_background&quot;:&quot;classic&quot;}\">\n\t\t\t\t\t\t<div class=\"elementor-container elementor-column-gap-default\">\n\t\t\t\t\t<div data-dce-background-color=\"#F1E6F1\" class=\"elementor-column elementor-col-100 elementor-top-column elementor-element elementor-element-51e70f0\" data-id=\"51e70f0\" data-element_type=\"column\" data-settings=\"{&quot;background_background&quot;:&quot;classic&quot;}\">\n\t\t\t<div class=\"elementor-widget-wrap elementor-element-populated\">\n\t\t\t\t\t\t<div class=\"elementor-element elementor-element-350498b elementor-widget elementor-widget-shortcode\" data-id=\"350498b\" data-element_type=\"widget\" data-widget_type=\"shortcode.default\">\n\t\t\t\t<div class=\"elementor-widget-container\">\n\t\t\t\t\t\t\t<div class=\"elementor-shortcode\"><div class=\"powerpress_player\" id=\"powerpress_player_2126\"><!--[if lt IE 9]><script>document.createElement('audio');<\/script><![endif]-->\n<audio class=\"wp-audio-shortcode\" id=\"audio-374-1\" preload=\"none\" style=\"width: 100%;\" controls=\"controls\"><source type=\"audio\/mpeg\" src=\"http:\/\/media.blubrry.com\/zieleshow\/rusch.ch\/podcast\/ERAR\/ERAR_3_Gruene_Smoothies.mp3?_=1\" \/><a href=\"http:\/\/media.blubrry.com\/zieleshow\/rusch.ch\/podcast\/ERAR\/ERAR_3_Gruene_Smoothies.mp3\">http:\/\/media.blubrry.com\/zieleshow\/rusch.ch\/podcast\/ERAR\/ERAR_3_Gruene_Smoothies.mp3<\/a><\/audio><\/div><p class=\"powerpress_links powerpress_links_mp3\" style=\"margin-bottom: 1px !important;\">Podcast: <a href=\"http:\/\/media.blubrry.com\/zieleshow\/rusch.ch\/podcast\/ERAR\/ERAR_3_Gruene_Smoothies.mp3\" class=\"powerpress_link_pinw\" target=\"_blank\" title=\"Play in new window\" onclick=\"return powerpress_pinw('https:\/\/rusch.ch\/podcasts\/?powerpress_pinw=374-podcast');\" rel=\"nofollow\">Play in new window<\/a> | <a href=\"http:\/\/media.blubrry.com\/zieleshow\/rusch.ch\/podcast\/ERAR\/ERAR_3_Gruene_Smoothies.mp3\" class=\"powerpress_link_d\" title=\"Download\" rel=\"nofollow\" download=\"ERAR_3_Gruene_Smoothies.mp3\">Download<\/a> (Duration: 10:42 &#8212; 24.5MB)<\/p><\/div>\n\t\t\t\t\t\t<\/div>\n\t\t\t\t<\/div>\n\t\t\t\t\t<\/div>\n\t\t<\/div>\n\t\t\t\t\t<\/div>\n\t\t<\/section>\n\t\t\t\t<section class=\"elementor-section elementor-top-section elementor-element elementor-element-7309fbd elementor-section-boxed elementor-section-height-default elementor-section-height-default\" data-id=\"7309fbd\" data-element_type=\"section\" data-settings=\"{&quot;background_background&quot;:&quot;classic&quot;}\">\n\t\t\t\t\t\t<div class=\"elementor-container elementor-column-gap-no\">\n\t\t\t\t\t<div data-dce-background-color=\"#F1E6F1\" class=\"elementor-column elementor-col-100 elementor-top-column elementor-element elementor-element-323829f\" data-id=\"323829f\" data-element_type=\"column\" data-settings=\"{&quot;background_background&quot;:&quot;classic&quot;}\">\n\t\t\t<div class=\"elementor-widget-wrap elementor-element-populated\">\n\t\t\t\t\t\t<div data-dce-title-color=\"#FF0202\" class=\"elementor-element elementor-element-78716e7 elementor-widget elementor-widget-heading\" data-id=\"78716e7\" data-element_type=\"widget\" data-widget_type=\"heading.default\">\n\t\t\t\t<div class=\"elementor-widget-container\">\n\t\t\t\t\t<h3 class=\"elementor-heading-title elementor-size-default\">Bitte den \u00bbRusch Podcast\u00ab weiterempfehlen!<\/h3>\t\t\t\t<\/div>\n\t\t\t\t<\/div>\n\t\t\t\t<div data-dce-text-color=\"#000000\" class=\"elementor-element elementor-element-57a1fc3 elementor-widget elementor-widget-text-editor\" data-id=\"57a1fc3\" data-element_type=\"widget\" data-widget_type=\"text-editor.default\">\n\t\t\t\t<div class=\"elementor-widget-container\">\n\t\t\t\t\t\t\t\t\t<p>Gef\u00e4llt Ihnen der \u00bbRusch Podcast\u00ab? Konnten Sie ihm wertvolle Impulse, Informationen und Lernelemente entnehmen? Wenn ja, w\u00fcrden wir uns sehr freuen, wenn Sie ihn weiterempfehlen m\u00f6chten. Ganz sicher werden sich Ihre Bekannten \u00fcber Ihre Empfehlung freuen!<\/p><p><em><span class=\"gelb-bg\">Es dauert f\u00fcr Sie nur eine halbe Minute, denn wir haben f\u00fcr Sie ein ganz einfaches Formular vorbereitet. Besten Dank im Voraus!<\/span><\/em><\/p>\t\t\t\t\t\t\t\t<\/div>\n\t\t\t\t<\/div>\n\t\t\t\t<div class=\"elementor-element elementor-element-8817954 elementor-widget elementor-widget-shortcode\" data-id=\"8817954\" data-element_type=\"widget\" data-widget_type=\"shortcode.default\">\n\t\t\t\t<div class=\"elementor-widget-container\">\n\t\t\t\t\t\t\t<div class=\"elementor-shortcode\">\n<div class=\"wpcf7 no-js\" id=\"wpcf7-f72-o1\" lang=\"de-DE\" dir=\"ltr\" data-wpcf7-id=\"72\">\n<div class=\"screen-reader-response\"><p role=\"status\" aria-live=\"polite\" aria-atomic=\"true\"><\/p> <ul><\/ul><\/div>\n<form action=\"\/podcasts\/wp-json\/wp\/v2\/pages\/374#wpcf7-f72-o1\" method=\"post\" class=\"wpcf7-form init\" aria-label=\"Kontaktformular\" novalidate=\"novalidate\" data-status=\"init\">\n<fieldset class=\"hidden-fields-container\"><input type=\"hidden\" name=\"_wpcf7\" value=\"72\" \/><input type=\"hidden\" name=\"_wpcf7_version\" value=\"6.1.3\" \/><input type=\"hidden\" name=\"_wpcf7_locale\" value=\"de_DE\" \/><input type=\"hidden\" name=\"_wpcf7_unit_tag\" value=\"wpcf7-f72-o1\" \/><input type=\"hidden\" name=\"_wpcf7_container_post\" value=\"0\" \/><input type=\"hidden\" name=\"_wpcf7_posted_data_hash\" value=\"\" \/>\n<\/fieldset>\n<table width=\"100%\" style=\"border:3px dashed #fc0101; padding: 35px;\">\n\t<tr>\n\t\t<td style=\"padding:15px\">\n\t\t\t<p style=\"font-size:130%; color: #663366; font-weight:bold;\">Ihre Angaben\n\t\t\t<\/p>\n\t\t<\/td>\n\t<\/tr>\n\t<tr>\n\t\t<td style=\"padding-left:15px; padding-bottom: 10px;\">\n\t\t\t<p><label>Ihr Vorname und Name:<br \/>\n<span class=\"wpcf7-form-control-wrap\" data-name=\"name1\"><input size=\"40\" maxlength=\"400\" class=\"wpcf7-form-control wpcf7-text wpcf7-validates-as-required\" aria-required=\"true\" aria-invalid=\"false\" value=\"\" type=\"text\" name=\"name1\" \/><\/span> <\/label>\n\t\t\t<\/p>\n\t\t<\/td>\n\t<\/tr>\n\t<tr>\n\t\t<td style=\"padding-left:15px; padding-bottom: 30px;\">\n\t\t\t<p><label> Ihre E-Mail-Adresse:<br \/>\n<span class=\"wpcf7-form-control-wrap\" data-name=\"email1\"><input size=\"40\" maxlength=\"400\" class=\"wpcf7-form-control wpcf7-email wpcf7-validates-as-required wpcf7-text wpcf7-validates-as-email\" aria-required=\"true\" aria-invalid=\"false\" value=\"\" type=\"email\" name=\"email1\" \/><\/span> <\/label>\n\t\t\t<\/p>\n\t\t<\/td>\n\t<\/tr>\n\t<tr>\n\t\t<td style=\"padding:15px\">\n\t\t\t<p style=\"font-size:130%; color: #663366; font-weight:bold;\">Angaben zu Ihrer\/Ihrem Bekannte\/n\n\t\t\t<\/p>\n\t\t<\/td>\n\t<\/tr>\n\t<tr>\n\t\t<td style=\"padding-left:15px; padding-bottom: 10px;\">\n\t\t\t<p><label>Vorname und Name:<br \/>\n<span class=\"wpcf7-form-control-wrap\" data-name=\"name2\"><input size=\"40\" maxlength=\"400\" class=\"wpcf7-form-control wpcf7-text wpcf7-validates-as-required\" aria-required=\"true\" aria-invalid=\"false\" value=\"\" type=\"text\" name=\"name2\" \/><\/span> <\/label>\n\t\t\t<\/p>\n\t\t<\/td>\n\t<\/tr>\n\t<tr>\n\t\t<td style=\"padding-left:15px\" padding-bottom: 10px;>\n\t\t\t<p><label> E-Mail-Adresse:<br \/>\n<span class=\"wpcf7-form-control-wrap\" data-name=\"email2\"><input size=\"40\" maxlength=\"400\" class=\"wpcf7-form-control wpcf7-email wpcf7-validates-as-required wpcf7-text wpcf7-validates-as-email\" aria-required=\"true\" aria-invalid=\"false\" value=\"\" type=\"email\" name=\"email2\" \/><\/span> <\/label>\n\t\t\t<\/p>\n\t\t<\/td>\n\t<\/tr>\n\t<tr>\n\t\t<td style=\"padding:15px\">\n\t\t\t<p><input class=\"wpcf7-form-control wpcf7-submit has-spinner\" type=\"submit\" value=\"Senden\" \/>\n\t\t\t<\/p>\n\t\t<\/td>\n\t<\/tr>\n<\/table><div class=\"wpcf7-response-output\" aria-hidden=\"true\"><\/div>\n<\/form>\n<\/div>\n<\/div>\n\t\t\t\t\t\t<\/div>\n\t\t\t\t<\/div>\n\t\t\t\t\t<\/div>\n\t\t<\/div>\n\t\t\t\t\t<\/div>\n\t\t<\/section>\n\t\t\t\t<\/div>\n\t\t","protected":false},"excerpt":{"rendered":"<p>Zur\u00fcck zur \u00dcbersicht Bitte den \u00bbRusch Podcast\u00ab weiterempfehlen! Gef\u00e4llt Ihnen der \u00bbRusch Podcast\u00ab? Konnten Sie ihm wertvolle Impulse, Informationen und Lernelemente entnehmen? Wenn ja, w\u00fcrden wir uns sehr freuen, wenn Sie ihn weiterempfehlen m\u00f6chten. Ganz sicher werden sich Ihre Bekannten \u00fcber Ihre Empfehlung freuen! Es dauert f\u00fcr Sie nur eine halbe Minute, denn wir haben [&hellip;]<\/p>\n","protected":false},"author":1,"featured_media":0,"parent":0,"menu_order":0,"comment_status":"closed","ping_status":"closed","template":"elementor_header_footer","meta":{"_acf_changed":false,"footnotes":""},"class_list":["post-374","page","type-page","status-publish","hentry"],"acf":[],"_links":{"self":[{"href":"https:\/\/rusch.ch\/podcasts\/wp-json\/wp\/v2\/pages\/374","targetHints":{"allow":["GET"]}}],"collection":[{"href":"https:\/\/rusch.ch\/podcasts\/wp-json\/wp\/v2\/pages"}],"about":[{"href":"https:\/\/rusch.ch\/podcasts\/wp-json\/wp\/v2\/types\/page"}],"author":[{"embeddable":true,"href":"https:\/\/rusch.ch\/podcasts\/wp-json\/wp\/v2\/users\/1"}],"replies":[{"embeddable":true,"href":"https:\/\/rusch.ch\/podcasts\/wp-json\/wp\/v2\/comments?post=374"}],"version-history":[{"count":3,"href":"https:\/\/rusch.ch\/podcasts\/wp-json\/wp\/v2\/pages\/374\/revisions"}],"predecessor-version":[{"id":1470,"href":"https:\/\/rusch.ch\/podcasts\/wp-json\/wp\/v2\/pages\/374\/revisions\/1470"}],"wp:attachment":[{"href":"https:\/\/rusch.ch\/podcasts\/wp-json\/wp\/v2\/media?parent=374"}],"curies":[{"name":"wp","href":"https:\/\/api.w.org\/{rel}","templated":true}]}}