{"id":97,"date":"2017-01-22T17:29:14","date_gmt":"2017-01-22T16:29:14","guid":{"rendered":"http:\/\/www.rusch.ch\/produktiv-demo\/?page_id=97"},"modified":"2022-09-14T05:49:58","modified_gmt":"2022-09-14T03:49:58","slug":"anmelden","status":"publish","type":"page","link":"https:\/\/rusch.ch\/produktiv\/anmelden\/","title":{"rendered":"Rusch Produktivit\u00e4t &#8211; Anmeldung"},"content":{"rendered":"\t\t<div data-elementor-type=\"wp-post\" data-elementor-id=\"97\" class=\"elementor elementor-97\" data-elementor-post-type=\"page\">\n\t\t\t\t\t\t<section data-particle_enable=\"false\" data-particle-mobile-disabled=\"false\" data-dce-background-color=\"#FFFFFF\" data-dce-background-overlay-image-url=\"https:\/\/rusch.ch\/produktiv-aktion\/wp-content\/uploads\/sites\/92\/2017\/01\/produktiv_bg.jpg\" class=\"elementor-section elementor-top-section elementor-element elementor-element-cc9a680 elementor-section-boxed elementor-section-height-default elementor-section-height-default\" data-id=\"cc9a680\" data-element_type=\"section\" data-settings=\"{&quot;background_background&quot;:&quot;classic&quot;}\">\n\t\t\t\t\t\t\t<div class=\"elementor-background-overlay\"><\/div>\n\t\t\t\t\t\t\t<div class=\"elementor-container elementor-column-gap-no\">\n\t\t\t\t\t<div class=\"elementor-column elementor-col-100 elementor-top-column elementor-element elementor-element-235e5ef\" data-id=\"235e5ef\" data-element_type=\"column\" data-settings=\"{&quot;background_background&quot;:&quot;classic&quot;}\">\n\t\t\t<div class=\"elementor-widget-wrap elementor-element-populated\">\n\t\t\t\t\t<div class=\"elementor-background-overlay\"><\/div>\n\t\t\t\t\t\t<div class=\"elementor-element elementor-element-bc2df2a elementor-widget elementor-widget-shortcode\" data-id=\"bc2df2a\" data-element_type=\"widget\" data-widget_type=\"shortcode.default\">\n\t\t\t\t<div class=\"elementor-widget-container\">\n\t\t\t\t\t\t\t<div class=\"elementor-shortcode\"><!--[if lt IE 9]><script>document.createElement('audio');<\/script><![endif]-->\n<audio class=\"wp-audio-shortcode\" id=\"audio-97-1\" autoplay preload=\"none\" style=\"width: 100%;\" controls=\"controls\"><source type=\"audio\/mpeg\" src=\"https:\/\/rusch.ch\/produktiv-aktion\/wp-content\/uploads\/sites\/92\/2021\/12\/FormularProduktivita\u0308t2017_bearb3.mp3?_=1\" \/><a href=\"https:\/\/rusch.ch\/produktiv-aktion\/wp-content\/uploads\/sites\/92\/2021\/12\/FormularProduktivita\u0308t2017_bearb3.mp3\">https:\/\/rusch.ch\/produktiv-aktion\/wp-content\/uploads\/sites\/92\/2021\/12\/FormularProduktivita\u0308t2017_bearb3.mp3<\/a><\/audio><\/div>\n\t\t\t\t\t\t<\/div>\n\t\t\t\t<\/div>\n\t\t\t\t<div data-dce-title-color=\"#000000\" class=\"elementor-element elementor-element-8d3bce2 elementor-widget elementor-widget-heading\" data-id=\"8d3bce2\" data-element_type=\"widget\" data-widget_type=\"heading.default\">\n\t\t\t\t<div class=\"elementor-widget-container\">\n\t\t\t\t\t<h2 class=\"elementor-heading-title elementor-size-default\">Tolle Nachrichten:<\/h2>\t\t\t\t<\/div>\n\t\t\t\t<\/div>\n\t\t\t\t<div data-dce-title-color=\"#DD3333\" class=\"elementor-element elementor-element-8e91897 elementor-widget elementor-widget-heading\" data-id=\"8e91897\" data-element_type=\"widget\" data-widget_type=\"heading.default\">\n\t\t\t\t<div class=\"elementor-widget-container\">\n\t\t\t\t\t<h3 class=\"elementor-heading-title elementor-size-default\">Sie werden schon bald ganz erheblich produktiver sein!<\/h3>\t\t\t\t<\/div>\n\t\t\t\t<\/div>\n\t\t\t\t<div data-dce-text-color=\"#000000\" class=\"elementor-element elementor-element-3e015c7 elementor-widget elementor-widget-text-editor\" data-id=\"3e015c7\" data-element_type=\"widget\" data-widget_type=\"text-editor.default\">\n\t\t\t\t<div class=\"elementor-widget-container\">\n\t\t\t\t\t\t\t\t\tEinen wichtigen Schritt haben Sie schon getan, indem Sie auf die Anmeldeseite gekommen sind.<br \/><br \/>Bei diesem Online-Lehrgang k\u00f6nnen wir wahrlich von einer guten Investition sprechen, denn das investierte Weiterbildungsbudget tr\u00e4gt schon in den ersten Tagen Fr\u00fcchte und wird sich im Laufe der n\u00e4chsten Monate und Jahre extrem stark auszahlen.<br \/><br \/>Hier w\u00e4re der falsche Ort, um knausrig zu sein.<br \/><br \/>Wie Sie weiter unten sehen, ist der Preis ohnehin sehr erschwinglich. Wir h\u00e4tten auch den doppelten oder f\u00fcnffachen Preis verlangen k\u00f6nnen. Aber wir wollten, dass es bei m\u00f6glichst vielen unserer Kunden ins Weiterbildungsbudget passt. Hier wird Wissen vermittelt, das wirklich ALLE unsere Kunden zwingend brauchen.<br \/><br \/>Zudem gibt es sogar die M\u00f6glichkeit zu Ratenzahlungen.<br \/><br \/>Wir haben also alle Hindernisse aus dem Weg ger\u00e4umt, denn wir m\u00f6chten, dass Sie Ihre Produktivit\u00e4t erheblich steigern.\t\t\t\t\t\t\t\t<\/div>\n\t\t\t\t<\/div>\n\t\t\t\t<div data-dce-title-color=\"#000000\" class=\"elementor-element elementor-element-643641a elementor-widget elementor-widget-heading\" data-id=\"643641a\" data-element_type=\"widget\" data-widget_type=\"heading.default\">\n\t\t\t\t<div class=\"elementor-widget-container\">\n\t\t\t\t\t<h3 class=\"elementor-heading-title elementor-size-default\">Buchen Sie unbedingt gleich jetzt diesen Online-Lehrgang mit dem untenstehenden Formular!<\/h3>\t\t\t\t<\/div>\n\t\t\t\t<\/div>\n\t\t\t\t<div data-dce-title-color=\"#DD3333\" class=\"elementor-element elementor-element-27605af elementor-widget elementor-widget-heading\" data-id=\"27605af\" data-element_type=\"widget\" data-widget_type=\"heading.default\">\n\t\t\t\t<div class=\"elementor-widget-container\">\n\t\t\t\t\t<h3 class=\"elementor-heading-title elementor-size-default\">Wir versprechen Ihnen, dass Sie bereits in ein paar Tagen froh sein werden, dass Sie es getan haben.<\/h3>\t\t\t\t<\/div>\n\t\t\t\t<\/div>\n\t\t\t\t\t<\/div>\n\t\t<\/div>\n\t\t\t\t\t<\/div>\n\t\t<\/section>\n\t\t\t\t<section data-particle_enable=\"false\" data-particle-mobile-disabled=\"false\" data-dce-background-color=\"#FFFFFF\" class=\"elementor-section elementor-top-section elementor-element elementor-element-bd64209 elementor-section-boxed elementor-section-height-default elementor-section-height-default\" data-id=\"bd64209\" data-element_type=\"section\" data-settings=\"{&quot;background_background&quot;:&quot;classic&quot;}\">\n\t\t\t\t\t\t<div class=\"elementor-container elementor-column-gap-no\">\n\t\t\t\t\t<div class=\"elementor-column elementor-col-100 elementor-top-column elementor-element elementor-element-ae6c138\" data-id=\"ae6c138\" data-element_type=\"column\">\n\t\t\t<div class=\"elementor-widget-wrap elementor-element-populated\">\n\t\t\t\t\t\t<section data-particle_enable=\"false\" data-particle-mobile-disabled=\"false\" class=\"elementor-section elementor-inner-section elementor-element elementor-element-f44093c elementor-section-full_width elementor-section-height-default elementor-section-height-default\" data-id=\"f44093c\" data-element_type=\"section\">\n\t\t\t\t\t\t<div class=\"elementor-container elementor-column-gap-no\">\n\t\t\t\t\t<div class=\"elementor-column elementor-col-33 elementor-inner-column elementor-element elementor-element-42ab603\" data-id=\"42ab603\" data-element_type=\"column\">\n\t\t\t<div class=\"elementor-widget-wrap\">\n\t\t\t\t\t\t\t<\/div>\n\t\t<\/div>\n\t\t\t\t<div data-dce-background-color=\"#FFFFFF\" class=\"elementor-column elementor-col-33 elementor-inner-column elementor-element elementor-element-b4b1860\" data-id=\"b4b1860\" data-element_type=\"column\" data-settings=\"{&quot;background_background&quot;:&quot;classic&quot;}\">\n\t\t\t<div class=\"elementor-widget-wrap elementor-element-populated\">\n\t\t\t\t<!-- dce invisible element 41040b6 --><!-- dce invisible element 8f66d29 --><!-- dce invisible element 12710b3 --><!-- dce invisible element e7e3a62 -->\t\t<div data-dce-title-color=\"#ffffff\" data-dce-advanced-background-image-url=\"https:\/\/rusch.ch\/produktiv\/wp-content\/uploads\/sites\/33\/2017\/01\/hintergrund-papier.gif\" class=\"elementor-element elementor-element-29974d1 elementor-widget elementor-widget-heading\" data-id=\"29974d1\" data-element_type=\"widget\" data-widget_type=\"heading.default\">\n\t\t\t\t<div class=\"elementor-widget-container\">\n\t\t\t\t\t<h2 class=\"elementor-heading-title elementor-size-default\">Darin enthalten sind:<\/h2>\t\t\t\t<\/div>\n\t\t\t\t<\/div>\n\t\t\t\t<div data-dce-text-color=\"#000000\" class=\"elementor-element elementor-element-1a1bc5a elementor-widget elementor-widget-text-editor\" data-id=\"1a1bc5a\" data-element_type=\"widget\" data-widget_type=\"text-editor.default\">\n\t\t\t\t<div class=\"elementor-widget-container\">\n\t\t\t\t\t\t\t\t\t<ul><li><b>Der Kern-Lehrgang<\/b>\u00a0mit Alex S. Rusch, begleitet von der Komoderatorin Anne-Kathrin Kosch (Gesamt-Spieldauer 221 Min.)<\/li><li>Bonus-Lektion\u00a0<b>\u00bbWelche Apps und Programme setzt Ralph Borchert zur Steigerung seiner Produktivit\u00e4t ein?\u00ab<\/b>\u00a0(Spieldauer 66 Min.)<\/li><li>Bonus-Lektion\u00a0<b>\u00bbDie besten Produktivit\u00e4tstipps von Prof. Dr. Lothar Seiwert\u00ab<\/b>\u00a0(Spieldauer 23 Min.)<\/li><li>Bonus-Lektion\u00a0<b>\u00bbWelche Apps und Software setzen Collin Croome und Christian G\u00f6rtz zur Steigerung ihrer Produktivit\u00e4t ein?\u00ab<\/b>, Teil 1 und Teil 2 (Gesamt-Spieldauer 127 Min.)<\/li><li>Bonus-Lektion\u00a0<b>\u00bbLive-Demo der Spracherkennungssoftware Dragon Naturally Speaking\u00ab<\/b>\u00a0(Spieldauer 10 Min.)<\/li><li><em>Plus als besonderes Highlight:<\/em>\u00a0der erg\u00e4nzende Bonus-Lehrgang\u00a0<b>\u00bb40 konkrete und starke Schritte zur Steigerung Ihrer Produktivit\u00e4t\u00ab<\/b>\u00a0aus 40 kurzen Lektionen von jeweils drei bis zehn Minuten<\/li><\/ul><p>Ich kann den Lehrgang bequem von \u00fcberall in der Welt zeitunabh\u00e4ngig absolvieren, da ich Zugriff auf einen gesch\u00fctzten Teilnehmer-Bereich im Internet erhalte, wo ich mir die Mitschnitte anschauen bzw. die MP3-Audios herunterladen kann und auch Arbeitsb\u00fccher, Powerpoint-PDFs und wichtige Links finde.<\/p>\t\t\t\t\t\t\t\t<\/div>\n\t\t\t\t<\/div>\n\t\t<!-- dce invisible element 522d8ec --><!-- dce invisible element 999c51a -->\t\t\t<\/div>\n\t\t<\/div>\n\t\t\t\t<div class=\"elementor-column elementor-col-33 elementor-inner-column elementor-element elementor-element-f232367\" data-id=\"f232367\" data-element_type=\"column\">\n\t\t\t<div class=\"elementor-widget-wrap\">\n\t\t\t\t\t\t\t<\/div>\n\t\t<\/div>\n\t\t\t\t\t<\/div>\n\t\t<\/section>\n\t\t\t\t\t<\/div>\n\t\t<\/div>\n\t\t\t\t\t<\/div>\n\t\t<\/section>\n\t\t\t\t<\/div>\n\t\t","protected":false},"excerpt":{"rendered":"<p>Tolle Nachrichten: Sie werden schon bald ganz erheblich produktiver sein! Einen wichtigen Schritt haben Sie schon getan, indem Sie auf die Anmeldeseite gekommen sind. Bei diesem Online-Lehrgang k\u00f6nnen wir wahrlich von einer guten Investition sprechen, denn das investierte Weiterbildungsbudget tr\u00e4gt schon in den ersten Tagen Fr\u00fcchte und wird sich im Laufe der n\u00e4chsten Monate und [&hellip;]<\/p>\n","protected":false},"author":1,"featured_media":0,"parent":0,"menu_order":0,"comment_status":"closed","ping_status":"closed","template":"elementor_header_footer","meta":{"_acf_changed":false,"footnotes":""},"class_list":["post-97","page","type-page","status-publish","hentry"],"acf":[],"_links":{"self":[{"href":"https:\/\/rusch.ch\/produktiv\/wp-json\/wp\/v2\/pages\/97","targetHints":{"allow":["GET"]}}],"collection":[{"href":"https:\/\/rusch.ch\/produktiv\/wp-json\/wp\/v2\/pages"}],"about":[{"href":"https:\/\/rusch.ch\/produktiv\/wp-json\/wp\/v2\/types\/page"}],"author":[{"embeddable":true,"href":"https:\/\/rusch.ch\/produktiv\/wp-json\/wp\/v2\/users\/1"}],"replies":[{"embeddable":true,"href":"https:\/\/rusch.ch\/produktiv\/wp-json\/wp\/v2\/comments?post=97"}],"version-history":[{"count":0,"href":"https:\/\/rusch.ch\/produktiv\/wp-json\/wp\/v2\/pages\/97\/revisions"}],"wp:attachment":[{"href":"https:\/\/rusch.ch\/produktiv\/wp-json\/wp\/v2\/media?parent=97"}],"curies":[{"name":"wp","href":"https:\/\/api.w.org\/{rel}","templated":true}]}}